{"id":5745,"date":"2025-04-26T01:11:51","date_gmt":"2025-04-25T22:11:51","guid":{"rendered":"https:\/\/www.digidreamer.fi\/kauppa\/?post_type=product&#038;p=5745"},"modified":"2026-05-01T09:51:28","modified_gmt":"2026-05-01T06:51:28","slug":"kingston-kc3000-pcie-4-0-nvme-m-2-ssd-kovalevy","status":"publish","type":"product","link":"https:\/\/www.digidreamer.fi\/kauppa\/tuote\/kingston-kc3000-pcie-4-0-nvme-m-2-ssd-kovalevy\/","title":{"rendered":"Kingston KC3000 NVMe M.2 SSD PCIe 4.0 x4 \u2013 jopa 7000MB\/s, Phison E18, TLC NAND, DRAM cache, 3D NAND, 2280"},"content":{"rendered":"<p>Kingston KC3000 on suorituskykyinen M.2 NVMe SSD, joka hy\u00f6dynt\u00e4\u00e4 PCIe 4.0 x4 -liit\u00e4nt\u00e4\u00e4 ja Phison E18 -ohjainta tarjoten huippunopean tallennusratkaisun vaativiin PC-rakennelmiin.<br \/>Se on suunniteltu pelaajille, sis\u00e4ll\u00f6ntuottajille ja tehok\u00e4ytt\u00e4jille, jotka tarvitsevat maksimaalista luku- ja kirjoitusnopeutta sek\u00e4 nopeita latausaikoja.<br \/>DRAM-v\u00e4limuisti ja 3D TLC NAND takaavat tasaisen suorituskyvyn my\u00f6s raskaassa k\u00e4yt\u00f6ss\u00e4.<\/p>\n<p>Tekniset tiedot<br \/><strong>Yleist\u00e4<\/strong><br \/>Valmistaja: Kingston<br \/>Malli: KC3000<br \/>Form factor: M.2 2280<br \/>Liit\u00e4nt\u00e4: PCIe 4.0 x4<br \/>Protokolla: NVMe 1.4<\/p>\n<p><strong>Suorituskyky<\/strong><br \/>Lukunopeus: jopa 7000 MB\/s<br \/>Kirjoitusnopeus: jopa 7000 MB\/s<br \/>Random IOPS: jopa ~1 000 000<br \/>DRAM cache: kyll\u00e4<br \/>SLC cache: jopa ~700+ GB (mallista riippuen)<\/p>\n<p><strong>Muisti &amp; ohjain<\/strong><br \/>Ohjain: Phison E18<br \/>NAND: 3D TLC (112\/176-layer riippuen er\u00e4st\u00e4)<br \/>V\u00e4limuisti: DDR4 DRAM cache<br \/>PCIe 4.0 t\u00e4ysi kaistanleveys<\/p>\n<p><strong>Kest\u00e4vyys<\/strong><br \/>TBW: jopa ~1600 TB (2TB malli)<br \/>MTBF: 2 miljoonaa tuntia<br \/>Takuu: 5 vuotta<\/p>\n<p><strong>Virrankulutus<\/strong><br \/>Idle: eritt\u00e4in matala<br \/>Kuormitus: ~4\u201310 W luokkaa mallista riippuen<\/p>\n<p>Ominaisuudet<br \/>Eritt\u00e4in nopeat PCIe 4.0 -nopeudet (7000 MB\/s luokka)<br \/>DRAM cache \u2192 vakaa suorituskyky my\u00f6s pitkiss\u00e4 siirroissa<br \/>Soveltuu PS5:lle ja high-end PC:lle<br \/>Erinomainen 4K\/8K pelaamiseen ja editointiin<br \/>Nopea k\u00e4ytt\u00f6j\u00e4rjestelm\u00e4- ja pelilevy<br \/>Luotettava korkean TBW-keston SSD<\/p>\n<p>K\u00e4ytt\u00f6kohteet<br \/>High-end gaming PC:t<br \/>4K \/ 8K pelit ja latausnopeudet<br \/>Videoeditointi ja render\u00f6inti<br \/>AI \/ ty\u00f6asemak\u00e4ytt\u00f6<br \/>PS5 lis\u00e4tallennus (M.2 SSD -paikka)<br \/>Windows \/ Linux boot drive<\/p>\n","protected":false},"excerpt":{"rendered":"<p>Kingston KC3000 on huipputason PCIe 4.0 NVMe SSD, joka tarjoaa jopa 7000 MB\/s nopeudet, DRAM-v\u00e4limuistin ja eritt\u00e4in korkean kest\u00e4vyyden pelaamiseen, sis\u00e4ll\u00f6ntuotantoon ja raskaaseen k\u00e4ytt\u00f6\u00f6n.<\/p>\n<p>Valmistaja: KINGSTON<br \/>Valmistajan tuotekoodi: SKC3000S\/512G, SKC3000S\/1024G, SKC3000D\/2048G, SKC3000D\/4096G<br \/>Tuotenimike: KINGSTON KC3000 PCIe 4.0 NVMe M.2 SSD<br \/>Kuvaus: Kingston KC3000 &#8211; SSD &#8211; sis\u00e4inen &#8211; M.2 2280 &#8211; PCIe 4.0 (NVMe)<br \/>EAN-koodi: 0740617324402, 0740617324433, 0740617324242, 0740617324297<br \/>Takuu: 5 vuotta<\/p>\n","protected":false},"featured_media":1454,"comment_status":"open","ping_status":"closed","template":"","meta":[],"product_brand":[638],"product_cat":[702],"product_tag":[194,192,193,196,191,195],"class_list":{"0":"post-5745","1":"product","2":"type-product","3":"status-publish","6":"product_brand-kingston","7":"product_cat-m-2-ssd","8":"product_tag-kovalevy","9":"product_tag-m2","10":"product_tag-m2-ssd","11":"product_tag-m2-ssd-kovalevy","12":"product_tag-ssd","13":"product_tag-ssd-kovalevy","14":"product_shipping_class-kirje","16":"first","17":"instock","18":"sale","19":"taxable","20":"shipping-taxable","21":"purchasable","22":"product-type-variable","23":"has-default-attributes"},"jetpack_sharing_enabled":true,"_links":{"self":[{"href":"https:\/\/www.digidreamer.fi\/kauppa\/wp-json\/wp\/v2\/product\/5745","targetHints":{"allow":["GET"]}}],"collection":[{"href":"https:\/\/www.digidreamer.fi\/kauppa\/wp-json\/wp\/v2\/product"}],"about":[{"href":"https:\/\/www.digidreamer.fi\/kauppa\/wp-json\/wp\/v2\/types\/product"}],"replies":[{"embeddable":true,"href":"https:\/\/www.digidreamer.fi\/kauppa\/wp-json\/wp\/v2\/comments?post=5745"}],"wp:featuredmedia":[{"embeddable":true,"href":"https:\/\/www.digidreamer.fi\/kauppa\/wp-json\/wp\/v2\/media\/1454"}],"wp:attachment":[{"href":"https:\/\/www.digidreamer.fi\/kauppa\/wp-json\/wp\/v2\/media?parent=5745"}],"wp:term":[{"taxonomy":"product_brand","embeddable":true,"href":"https:\/\/www.digidreamer.fi\/kauppa\/wp-json\/wp\/v2\/product_brand?post=5745"},{"taxonomy":"product_cat","embeddable":true,"href":"https:\/\/www.digidreamer.fi\/kauppa\/wp-json\/wp\/v2\/product_cat?post=5745"},{"taxonomy":"product_tag","embeddable":true,"href":"https:\/\/www.digidreamer.fi\/kauppa\/wp-json\/wp\/v2\/product_tag?post=5745"}],"curies":[{"name":"wp","href":"https:\/\/api.w.org\/{rel}","templated":true}]}}