{"id":5741,"date":"2025-04-26T00:11:25","date_gmt":"2025-04-25T22:11:25","guid":{"rendered":"https:\/\/www.digidreamer.fi\/kauppa\/?post_type=product&#038;p=5741"},"modified":"2026-05-01T09:56:09","modified_gmt":"2026-05-01T06:56:09","slug":"wd-black-sn850x-nvme-ssd-supremely-fast-pcie-gen4-x4-m-2-ssd-kovalevy","status":"publish","type":"product","link":"https:\/\/www.digidreamer.fi\/kauppa\/tuote\/wd-black-sn850x-nvme-ssd-supremely-fast-pcie-gen4-x4-m-2-ssd-kovalevy\/","title":{"rendered":"WD Black SN850X NVMe SSD Supremely Fast PCIe Gen4 x4 M.2-SSD-kovalevy"},"content":{"rendered":"<p>WD Black SN850X NVMe SSD tarjoaa huippunopean tallennuksen PC\u2011rakennuksiin ja pelikoneisiin. PCIe Gen4 x4 -liit\u00e4nt\u00e4 takaa eritt\u00e4in nopeat luku- ja kirjoitusnopeudet, mik\u00e4 nopeuttaa pelien latausta, ohjelmien k\u00e4ynnistymist\u00e4 ja tiedostojen siirtoa. Kest\u00e4v\u00e4 M.2\u2011muoto ja luotettava WD\u2011laatu tekev\u00e4t t\u00e4st\u00e4 erinomaisen valinnan niin pelaajille kuin ammattilaisille, jotka tarvitsevat huippunopeaa tallennusta.<\/p>\n<p>Laitteen tyyppi: SSD-levy &#8211; sis\u00e4inen<br \/>Muistin koko: 1 Tt, 2 Tt, 4 Tt<br \/>Koko tai muoto: M.2 2280<br \/>Liit\u00e4nt\u00e4: PCIe 4.0 x4 (NVMe)<br \/>Leveys: 22 mm<br \/>Syvyys: 80 mm<br \/>Korkeus: 2.38 mm<br \/>Paino: 7.5 g<br \/>Puolijohdeaseman kestokyky: 600 TB &#8211; 2400 TB<br \/>Sis\u00e4inen tiedonsiirtonopeus: 7300 MBps (luku) \/ 6300 MBps &#8211; 6600 MBps (kirjoitus)<br \/>4KB Random Read: 800000 IOPS &#8211; 1200000 IOPS<br \/>4KB Random Write: 1100000 IOPS<br \/>Liit\u00e4nn\u00e4t: 1 x PCI Express 4.0 x4 (NVMe)<br \/>Yhteensopiva paikka: M.2 2280<br \/>Vaadittu k\u00e4ytt\u00f6j\u00e4rjestelm\u00e4: Windows 8.1 \/ 10 \/ 11<br \/>V\u00e4himm\u00e4isk\u00e4ytt\u00f6l\u00e4mp\u00f6tila: 0 \u00b0C<br \/>Enimm\u00e4isk\u00e4ytt\u00f6l\u00e4mp\u00f6tila: 85 \u00b0C<br \/>V\u00e4himm\u00e4ismivarastointil\u00e4mp\u00f6tila: -40 \u00b0C<br \/>Enimm\u00e4isvarastointil\u00e4mp\u00f6tila: 85 \u00b0C<\/p>\n","protected":false},"excerpt":{"rendered":"<p>Valmistaja: WESTERN DIGITAL<br \/>Valmistajan tuotekoodi: WDS100T2X0E<br \/>Tuotenimike: WD Black SN850X NVMe SSD Supremely Fast PCIe Gen4 x4 M.2 internal single-packed<br \/>Kuvaus: WD_BLACK SN850X NVMe SSD WDS100T2X0E &#8211; SSD &#8211; sis\u00e4inen &#8211; M.2 2280 &#8211; PCIe 4.0 x4 (NVMe)<br \/>EAN-koodi: 0718037891392<br \/>Takuu: 5 vuotta<\/p>\n","protected":false},"featured_media":1449,"comment_status":"open","ping_status":"closed","template":"","meta":[],"product_brand":[632],"product_cat":[702],"product_tag":[194,192,193,196,191,195],"class_list":{"0":"post-5741","1":"product","2":"type-product","3":"status-publish","6":"product_brand-western-digital","7":"product_cat-m-2-ssd","8":"product_tag-kovalevy","9":"product_tag-m2","10":"product_tag-m2-ssd","11":"product_tag-m2-ssd-kovalevy","12":"product_tag-ssd","13":"product_tag-ssd-kovalevy","14":"product_shipping_class-kirje","16":"first","17":"instock","18":"sale","19":"taxable","20":"shipping-taxable","21":"purchasable","22":"product-type-variable","23":"has-default-attributes"},"jetpack_sharing_enabled":true,"_links":{"self":[{"href":"https:\/\/www.digidreamer.fi\/kauppa\/wp-json\/wp\/v2\/product\/5741","targetHints":{"allow":["GET"]}}],"collection":[{"href":"https:\/\/www.digidreamer.fi\/kauppa\/wp-json\/wp\/v2\/product"}],"about":[{"href":"https:\/\/www.digidreamer.fi\/kauppa\/wp-json\/wp\/v2\/types\/product"}],"replies":[{"embeddable":true,"href":"https:\/\/www.digidreamer.fi\/kauppa\/wp-json\/wp\/v2\/comments?post=5741"}],"wp:featuredmedia":[{"embeddable":true,"href":"https:\/\/www.digidreamer.fi\/kauppa\/wp-json\/wp\/v2\/media\/1449"}],"wp:attachment":[{"href":"https:\/\/www.digidreamer.fi\/kauppa\/wp-json\/wp\/v2\/media?parent=5741"}],"wp:term":[{"taxonomy":"product_brand","embeddable":true,"href":"https:\/\/www.digidreamer.fi\/kauppa\/wp-json\/wp\/v2\/product_brand?post=5741"},{"taxonomy":"product_cat","embeddable":true,"href":"https:\/\/www.digidreamer.fi\/kauppa\/wp-json\/wp\/v2\/product_cat?post=5741"},{"taxonomy":"product_tag","embeddable":true,"href":"https:\/\/www.digidreamer.fi\/kauppa\/wp-json\/wp\/v2\/product_tag?post=5741"}],"curies":[{"name":"wp","href":"https:\/\/api.w.org\/{rel}","templated":true}]}}