{"id":5735,"date":"2025-04-26T01:11:24","date_gmt":"2025-04-25T22:11:24","guid":{"rendered":"https:\/\/www.digidreamer.fi\/kauppa\/?post_type=product&#038;p=5735"},"modified":"2026-05-01T10:11:20","modified_gmt":"2026-05-01T07:11:20","slug":"chieftec-eon-80-plus-atx-12v-virtalahde","status":"publish","type":"product","link":"https:\/\/www.digidreamer.fi\/kauppa\/tuote\/chieftec-eon-80-plus-atx-12v-virtalahde\/","title":{"rendered":"CHIEFTEC EON 80 Plus ATX 12V-virtal\u00e4hde"},"content":{"rendered":"<p>Laitteen tyyppi: Virtal\u00e4hde &#8211; Aktiivinen tehokertoimen korjaus (PFC) &#8211; sis\u00e4inen<br \/>Teknisten tietojen vaatimustenmukaisuus: ATX12V 2.3<br \/>PSU koko ja muoto: ATX<br \/>V\u00e4ri: Elegantti musta<br \/>Tuloj\u00e4nnite: Vaihtovirta 200-240 V<br \/>Vaadittu taajuus: 50 Hz<br \/>Virtakapasiteetti: 400, 500, 600 ja 700 wattia<br \/>Tehokerroin (PF): 0.9<br \/>80 PLUS -sertifiointi: 80 PLUS<br \/>Sis\u00e4ltyv\u00e4t kaapelit: Vaihtovirtajohto<br \/>J\u00e4\u00e4hdytysj\u00e4rjestelm\u00e4: 120 mm tuuletin<br \/>Ominaisuudet: Ylij\u00e4nnitesuojaus, ylikuormitussuoja, matalaj\u00e4nnitesuoja, oikosulkusuojaus, ylij\u00e4nnite- ja sy\u00f6ksyvirtasuoja, Automaattinen puhallinnopeuden s\u00e4\u00e4t\u00f6<br \/>Yhteensopivuusstandardit: CB, RoHS, WEEE, ERP, EAC, Interseroh, TUV Rheinland<br \/>Leveys: 15 cm<br \/>Syvyys: 14 cm<br \/>Korkeus: 8.6 cm<br \/>Paino: 1.15 &#8211; 1.3 kg<\/p>\n","protected":false},"excerpt":{"rendered":"<p>Valmistaja: CHIEFTEC<br \/>Valmistajan tuotekoodi: ZPU-400S<br \/>Tuotenimike: CHIEFTEC EON 400W 80 Plus ATX 12V PSU<br \/>Kuvaus: Chieftec EON Series ZPU-400S &#8211; Virtal\u00e4hde (sis\u00e4inen) &#8211; ATX12V 2.3 &#8211; 80 PLUS &#8211; Vaihtovirta 200-240 V &#8211; 400 watti(a) &#8211; aktiivinen PFC &#8211; elegantti musta<br \/>EAN-koodi: 0753263078605<br \/>Takuu: 2 vuotta<\/p>\n","protected":false},"featured_media":1438,"comment_status":"open","ping_status":"closed","template":"","meta":[],"product_brand":[626],"product_cat":[105],"product_tag":[371,274,273],"class_list":{"0":"post-5735","1":"product","2":"type-product","3":"status-publish","6":"product_brand-chieftec","7":"product_cat-virtalahteet","8":"product_tag-psu","9":"product_tag-tietokoneen-virtalahde","10":"product_tag-virtalahde","11":"product_shipping_class-pieni","13":"first","14":"instock","15":"sale","16":"taxable","17":"shipping-taxable","18":"purchasable","19":"product-type-variable","20":"has-default-attributes"},"jetpack_sharing_enabled":true,"_links":{"self":[{"href":"https:\/\/www.digidreamer.fi\/kauppa\/wp-json\/wp\/v2\/product\/5735","targetHints":{"allow":["GET"]}}],"collection":[{"href":"https:\/\/www.digidreamer.fi\/kauppa\/wp-json\/wp\/v2\/product"}],"about":[{"href":"https:\/\/www.digidreamer.fi\/kauppa\/wp-json\/wp\/v2\/types\/product"}],"replies":[{"embeddable":true,"href":"https:\/\/www.digidreamer.fi\/kauppa\/wp-json\/wp\/v2\/comments?post=5735"}],"wp:featuredmedia":[{"embeddable":true,"href":"https:\/\/www.digidreamer.fi\/kauppa\/wp-json\/wp\/v2\/media\/1438"}],"wp:attachment":[{"href":"https:\/\/www.digidreamer.fi\/kauppa\/wp-json\/wp\/v2\/media?parent=5735"}],"wp:term":[{"taxonomy":"product_brand","embeddable":true,"href":"https:\/\/www.digidreamer.fi\/kauppa\/wp-json\/wp\/v2\/product_brand?post=5735"},{"taxonomy":"product_cat","embeddable":true,"href":"https:\/\/www.digidreamer.fi\/kauppa\/wp-json\/wp\/v2\/product_cat?post=5735"},{"taxonomy":"product_tag","embeddable":true,"href":"https:\/\/www.digidreamer.fi\/kauppa\/wp-json\/wp\/v2\/product_tag?post=5735"}],"curies":[{"name":"wp","href":"https:\/\/api.w.org\/{rel}","templated":true}]}}