{"id":5734,"date":"2025-04-26T01:11:24","date_gmt":"2025-04-25T22:11:24","guid":{"rendered":"https:\/\/www.digidreamer.fi\/kauppa\/?post_type=product&#038;p=5734"},"modified":"2026-05-01T09:53:57","modified_gmt":"2026-05-01T06:53:57","slug":"chieftec-value-series-80-plus-virtalahde","status":"publish","type":"product","link":"https:\/\/www.digidreamer.fi\/kauppa\/tuote\/chieftec-value-series-80-plus-virtalahde\/","title":{"rendered":"CHIEFTEC Value series 80 PLUS-virtal\u00e4hde"},"content":{"rendered":"<p>Laitteen tyyppi: Virtal\u00e4hde &#8211; Aktiivinen tehokertoimen korjaus (PFC) &#8211; sis\u00e4inen<br \/>Teknisten tietojen vaatimustenmukaisuus: ATX12V 2.3<br \/>PSU koko ja muoto: ATX<br \/>V\u00e4ri: Hopea<br \/>Tuloj\u00e4nnite: Vaihtovirta 230 V<br \/>Vaadittu taajuus: 50 Hz<br \/>Virtakapasiteetti: 400, 500, 600 ja 700 wattia<br \/>Tehokkuus: 80%<br \/>Tehokerroin (PF): 0.9<br \/>J\u00e4\u00e4hdytysj\u00e4rjestelm\u00e4: 120 mm tuuletin<br \/>Ominaisuudet: L\u00e4mp\u00f6tarkkailu, ylij\u00e4nnitesuojaus, ylikuormitussuoja, matalaj\u00e4nnitesuoja, oikosulkusuojaus, tuuletinnopeuden hallinta<br \/>Yhteensopivuusstandardit: TUV, CB, RoHS, EuP Ready<br \/>Leveys: 15 cm<br \/>Syvyys: 14 cm<br \/>Korkeus: 8.7 cm<\/p>\n","protected":false},"excerpt":{"rendered":"<p>Valmistaja: CHIEFTEC<br \/>Valmistajan tuotekoodi: APB-400B8, APB-500B8, APB-600B8, APB-700B8<br \/>Tuotenimike: CHIEFTEC Value series PSU 80 PLUS 230V EU<br \/>Kuvaus: Chieftec VALUE SERIES &#8211; Gamer Series &#8211; virtal\u00e4hde (sis\u00e4inen) &#8211; ATX12V 2.3 &#8211; Vaihtovirta 230 V &#8211; aktiivinen PFC &#8211; hopea<br \/>EAN-koodi: 4710713230552, 4710713230569, 0753263077813, 0753263077820<br \/>Takuu: 2 vuotta<\/p>\n","protected":false},"featured_media":750,"comment_status":"open","ping_status":"closed","template":"","meta":[],"product_brand":[626],"product_cat":[105],"product_tag":[371,274,273],"class_list":{"0":"post-5734","1":"product","2":"type-product","3":"status-publish","6":"product_brand-chieftec","7":"product_cat-virtalahteet","8":"product_tag-psu","9":"product_tag-tietokoneen-virtalahde","10":"product_tag-virtalahde","11":"product_shipping_class-pieni","13":"first","14":"instock","15":"sale","16":"taxable","17":"shipping-taxable","18":"purchasable","19":"product-type-variable","20":"has-default-attributes"},"jetpack_sharing_enabled":true,"_links":{"self":[{"href":"https:\/\/www.digidreamer.fi\/kauppa\/wp-json\/wp\/v2\/product\/5734","targetHints":{"allow":["GET"]}}],"collection":[{"href":"https:\/\/www.digidreamer.fi\/kauppa\/wp-json\/wp\/v2\/product"}],"about":[{"href":"https:\/\/www.digidreamer.fi\/kauppa\/wp-json\/wp\/v2\/types\/product"}],"replies":[{"embeddable":true,"href":"https:\/\/www.digidreamer.fi\/kauppa\/wp-json\/wp\/v2\/comments?post=5734"}],"wp:featuredmedia":[{"embeddable":true,"href":"https:\/\/www.digidreamer.fi\/kauppa\/wp-json\/wp\/v2\/media\/750"}],"wp:attachment":[{"href":"https:\/\/www.digidreamer.fi\/kauppa\/wp-json\/wp\/v2\/media?parent=5734"}],"wp:term":[{"taxonomy":"product_brand","embeddable":true,"href":"https:\/\/www.digidreamer.fi\/kauppa\/wp-json\/wp\/v2\/product_brand?post=5734"},{"taxonomy":"product_cat","embeddable":true,"href":"https:\/\/www.digidreamer.fi\/kauppa\/wp-json\/wp\/v2\/product_cat?post=5734"},{"taxonomy":"product_tag","embeddable":true,"href":"https:\/\/www.digidreamer.fi\/kauppa\/wp-json\/wp\/v2\/product_tag?post=5734"}],"curies":[{"name":"wp","href":"https:\/\/api.w.org\/{rel}","templated":true}]}}