{"id":5714,"date":"2025-04-26T01:10:52","date_gmt":"2025-04-25T22:10:52","guid":{"rendered":"https:\/\/www.digidreamer.fi\/kauppa\/?post_type=product&#038;p=5714"},"modified":"2026-05-01T10:11:50","modified_gmt":"2026-05-01T07:11:50","slug":"chieftec-vita-series-80-plus-bronze-atx-12v-psu-virtalahde","status":"publish","type":"product","link":"https:\/\/www.digidreamer.fi\/kauppa\/tuote\/chieftec-vita-series-80-plus-bronze-atx-12v-psu-virtalahde\/","title":{"rendered":"CHIEFTEC VITA Series 80 Plus Bronze ATX 12V PSU-virtal\u00e4hde"},"content":{"rendered":"<p>Laitteen tyyppi: Virtal\u00e4hde &#8211; Aktiivinen tehokertoimen korjaus (PFC) &#8211; sis\u00e4\u00e4n asetettava moduuli<br \/>Teknisten tietojen vaatimustenmukaisuus: ATX12V 2.53<br \/>PSU koko ja muoto: ATX<br \/>Tuloj\u00e4nnite: Vaihtovirta 100-240 V<br \/>Vaadittu taajuus: 50 &#8211; 60 Hz<br \/>Tehon l\u00e4ht\u00f6liittimien yksityiskohdat:<br \/>1 x virta 24 nastan ATX irrotettavalla 4 nastan osiolla<br \/>1 x virta 8 nastan EPS12V irrotettavalla 4 nastan ATX12V osiolla<br \/>4 x 8 pin PCI Express power with detachable 2 pin section<br \/>2 x Molex<br \/>Virtakapasiteetti: 750 watti(a), 850 watti(a)<br \/>Output -virta:<br \/>+5V &#8211; 18 A<br \/>+3.3V &#8211; 18 A<br \/>+12V &#8211; 62.5 A<br \/>-12V &#8211; 0.3 A<br \/>+5VSB &#8211; 3 A<br \/>Tehokerroin (PF): 0.9<br \/>80 PLUS -sertifiointi: 80 PLUS Bronze<br \/>J\u00e4\u00e4hdytysj\u00e4rjestelm\u00e4: 120 mm tuuletin<br \/>Ominaisuudet: DC-DC -teknologia, Double Forward -piirisuunnittelu, tuuletinnopeuden hallinta, ylikuormitussuoja, korkean l\u00e4mp\u00f6tilan suojaus, ylij\u00e4nnitesuojaus, oikosulkusuojaus, ylij\u00e4nnite- ja sy\u00f6ksyvirtasuoja, matalaj\u00e4nnitesuoja, ylikuormituksen suojaus<br \/>Yhteensopivuusstandardit: CB, EAC, RoHS, ErP Ready, TUV Rheinland, Interseroh, Johdoton<br \/>Leveys: 15 cm<br \/>Syvyys: 14 cm<br \/>Korkeus: 8.6 cm<br \/>Paino: 1.9 kg<br \/>L\u00e4hetyspaino: 2.7 kg<\/p>\n","protected":false},"excerpt":{"rendered":"<p>Valmistaja: CHIEFTEC<br \/>Valmistajan tuotekoodi: BPX-750-S, BPX-850-S<br \/>Tuotenimike: CHIEFTEC VITA Series 80 Plus ATX 12V PSU<br \/>Kuvaus: Chieftec VITA Series &#8211; Virtal\u00e4hde (sis\u00e4\u00e4n asetettava moduuli) &#8211; ATX12V 2.53 &#8211; 80 PLUS Bronze &#8211; Vaihtovirta 100-240 V &#8211; aktiivinen PFC<br \/>EAN-koodi: 0753263078629, 0753263078636<br \/>Valmistajan takuu: 2 vuotta<\/p>\n","protected":false},"featured_media":4234,"comment_status":"open","ping_status":"closed","template":"","meta":[],"product_brand":[626],"product_cat":[105],"product_tag":[247,245,256,246,253,248,252,153,262,261,263,249,190,257,259,264,265,258,260,250,255,251,254],"class_list":{"0":"post-5714","1":"product","2":"type-product","3":"status-publish","6":"product_brand-chieftec","7":"product_cat-virtalahteet","8":"product_tag-kone","9":"product_tag-koti","10":"product_tag-koti-pc","11":"product_tag-kotikone","12":"product_tag-kotipc","13":"product_tag-kotitietokone","14":"product_tag-pc","15":"product_tag-pelaaminen","16":"product_tag-peli-pc","17":"product_tag-pelikone","18":"product_tag-pelipc","19":"product_tag-tieto","20":"product_tag-tietokone","21":"product_tag-tietokone-kotiin","22":"product_tag-tietokone-kotikayttoon","23":"product_tag-tietokone-pelaamiseen","24":"product_tag-tietokone-pelikayttoon","25":"product_tag-tietokone-yritykselle","26":"product_tag-tietokone-yrityskayttoon","27":"product_tag-yritys","28":"product_tag-yritys-pc","29":"product_tag-yrityskone","30":"product_tag-yrityspc","31":"product_shipping_class-pieni","33":"first","34":"instock","35":"sale","36":"taxable","37":"shipping-taxable","38":"purchasable","39":"product-type-variable","40":"has-default-attributes"},"jetpack_sharing_enabled":true,"_links":{"self":[{"href":"https:\/\/www.digidreamer.fi\/kauppa\/wp-json\/wp\/v2\/product\/5714","targetHints":{"allow":["GET"]}}],"collection":[{"href":"https:\/\/www.digidreamer.fi\/kauppa\/wp-json\/wp\/v2\/product"}],"about":[{"href":"https:\/\/www.digidreamer.fi\/kauppa\/wp-json\/wp\/v2\/types\/product"}],"replies":[{"embeddable":true,"href":"https:\/\/www.digidreamer.fi\/kauppa\/wp-json\/wp\/v2\/comments?post=5714"}],"wp:featuredmedia":[{"embeddable":true,"href":"https:\/\/www.digidreamer.fi\/kauppa\/wp-json\/wp\/v2\/media\/4234"}],"wp:attachment":[{"href":"https:\/\/www.digidreamer.fi\/kauppa\/wp-json\/wp\/v2\/media?parent=5714"}],"wp:term":[{"taxonomy":"product_brand","embeddable":true,"href":"https:\/\/www.digidreamer.fi\/kauppa\/wp-json\/wp\/v2\/product_brand?post=5714"},{"taxonomy":"product_cat","embeddable":true,"href":"https:\/\/www.digidreamer.fi\/kauppa\/wp-json\/wp\/v2\/product_cat?post=5714"},{"taxonomy":"product_tag","embeddable":true,"href":"https:\/\/www.digidreamer.fi\/kauppa\/wp-json\/wp\/v2\/product_tag?post=5714"}],"curies":[{"name":"wp","href":"https:\/\/api.w.org\/{rel}","templated":true}]}}