{"id":5693,"date":"2025-04-26T01:10:49","date_gmt":"2025-04-25T22:10:49","guid":{"rendered":"https:\/\/www.digidreamer.fi\/kauppa\/?post_type=product&#038;p=5693"},"modified":"2026-05-01T09:26:35","modified_gmt":"2026-05-01T06:26:35","slug":"sandberg-multi-card-reader-usb-2-0-kortinlukija","status":"publish","type":"product","link":"https:\/\/www.digidreamer.fi\/kauppa\/tuote\/sandberg-multi-card-reader-usb-2-0-kortinlukija\/","title":{"rendered":"SANDBERG Multi Card Reader USB 2.0-kortinlukija"},"content":{"rendered":"<p>Tuotetyyppi: Kortinlukija<br \/>Tuetut muistikortit:\tMemory Stick, MultiMediaCard, SD-muistikortti, xD-Picture Card, CompactFlash Card, TransFlash, microSD, SDHC-muistikortti, Memory Stick Micro (M2)<br \/>Is\u00e4nt\u00e4liit\u00e4nt\u00e4: USB 2.0<br \/>Leveys: 6 cm<br \/>Syvyys: 4 cm<br \/>Korkeus: 1.3 cm<br \/>Paino: 22 g<br \/>Vaaditut portit: 1 x 4 nastan USB- A<br \/>Sis\u00e4ltyv\u00e4t lis\u00e4varusteet: USB-kaapeli<br \/>Yhteensopivuusstandardit: RoHS<\/p>\n","protected":false},"excerpt":{"rendered":"<p>Valmistaja: SANDBERG<br \/>Valmistajan tuotekoodi: 133-46<br \/>Tuotenimike: SANDBERG Multi Card Reader USB 2.0 SD XD MS CF MMC T-Flash Micro SD M2<br \/>Kuvaus: Sandberg Multi Card Reader &#8211; Kortinlukija (MS, MMC, SD, xD, CF, TransFlash, microSD, SDHC, MS Micro) &#8211; USB 2.0<br \/>EAN-koodi: 5705730133466<br \/>Takuu: 5 vuotta<\/p>\n","protected":false},"featured_media":973,"comment_status":"open","ping_status":"closed","template":"","meta":[],"product_brand":[623],"product_cat":[132],"product_tag":[313,315,314],"class_list":{"0":"post-5693","1":"product","2":"type-product","3":"status-publish","6":"product_brand-sandberg","7":"product_cat-tiedontallennus","8":"product_tag-kortinlukija","9":"product_tag-muistikortin-lukija","10":"product_tag-muistikortinlukija","11":"product_shipping_class-pieni","13":"first","14":"instock","15":"sale","16":"taxable","17":"shipping-taxable","18":"purchasable","19":"product-type-simple"},"jetpack_sharing_enabled":true,"_links":{"self":[{"href":"https:\/\/www.digidreamer.fi\/kauppa\/wp-json\/wp\/v2\/product\/5693","targetHints":{"allow":["GET"]}}],"collection":[{"href":"https:\/\/www.digidreamer.fi\/kauppa\/wp-json\/wp\/v2\/product"}],"about":[{"href":"https:\/\/www.digidreamer.fi\/kauppa\/wp-json\/wp\/v2\/types\/product"}],"replies":[{"embeddable":true,"href":"https:\/\/www.digidreamer.fi\/kauppa\/wp-json\/wp\/v2\/comments?post=5693"}],"wp:featuredmedia":[{"embeddable":true,"href":"https:\/\/www.digidreamer.fi\/kauppa\/wp-json\/wp\/v2\/media\/973"}],"wp:attachment":[{"href":"https:\/\/www.digidreamer.fi\/kauppa\/wp-json\/wp\/v2\/media?parent=5693"}],"wp:term":[{"taxonomy":"product_brand","embeddable":true,"href":"https:\/\/www.digidreamer.fi\/kauppa\/wp-json\/wp\/v2\/product_brand?post=5693"},{"taxonomy":"product_cat","embeddable":true,"href":"https:\/\/www.digidreamer.fi\/kauppa\/wp-json\/wp\/v2\/product_cat?post=5693"},{"taxonomy":"product_tag","embeddable":true,"href":"https:\/\/www.digidreamer.fi\/kauppa\/wp-json\/wp\/v2\/product_tag?post=5693"}],"curies":[{"name":"wp","href":"https:\/\/api.w.org\/{rel}","templated":true}]}}