{"id":5633,"date":"2025-04-26T01:10:11","date_gmt":"2025-04-25T22:10:11","guid":{"rendered":"https:\/\/www.digidreamer.fi\/kauppa\/?post_type=product&#038;p=5633"},"modified":"2026-04-29T07:08:50","modified_gmt":"2026-04-29T04:08:50","slug":"amd-ryzen-5-5500gt-4-4ghz-am4-6c-12t-65w-19mb-prosessori","status":"publish","type":"product","link":"https:\/\/www.digidreamer.fi\/kauppa\/tuote\/amd-ryzen-5-5500gt-4-4ghz-am4-6c-12t-65w-19mb-prosessori\/","title":{"rendered":"AMD Ryzen 5 5500GT 4.4GHz AM4 6C\/12T 65W 19MB-prosessori"},"content":{"rendered":"<p>Tuotetyyppi: Suoritin<br \/>Tyyppi: AMD Ryzen 5 5500GT<br \/>Ydinten m\u00e4\u00e4r\u00e4: 6-ydin<br \/>S\u00e4ikeiden m\u00e4\u00e4r\u00e4: 12 s\u00e4iett\u00e4<br \/>V\u00e4limuisti: 16 Mt<br \/>Cache-muistin tiedot: L1 &#8211; 384 KB, L2 &#8211; 3 MB, L3 &#8211; 16 MB<br \/>Suorittimien m\u00e4\u00e4r\u00e4: 1<br \/>Kellotaajuus: 3.6 GHz<br \/>Max. turbonopeus: 4.4 GHz<br \/>Yhteensopiva suoritinkanta: Socket AM4<br \/>Tuotantoprosessi: 7 nm<br \/>Thermal Design Power: 65 W<br \/>L\u00e4mp\u00f6tiedot: 95 \u00b0C<br \/>PCI Express -versio: 3.0<br \/>Sis\u00e4inen n\u00e4yt\u00f6nohjain: Radeon Graphics<br \/>Perustaajuus: 1900 MHz<br \/>Sis\u00e4ltyv\u00e4t lis\u00e4varusteet: AMD Wraith Stealth Cooler<br \/>Pakkaustyyppi: AMD Processor in a Box (PIB)<\/p>\n","protected":false},"excerpt":{"rendered":"<p>Valmistaja: AMD<br \/>Valmistajan tuotekoodi: 100-100001489BOX<br \/>Tuotenimike: AMD Ryzen 5 5500GT 4.4GHz AM4 6C\/12 65W 19MB with Wraith Stealth Cooler BOX<br \/>Kuvaus: AMD Ryzen 5 5500GT &#8211; 3.6 GHz &#8211; 6-ydin &#8211; 12 s\u00e4iett\u00e4 &#8211; 16 Mt cache &#8211; Socket AM4 &#8211; Box<br \/>EAN-koodi: 0730143316040<br \/>Takuu: 3 vuotta<\/p>\n","protected":false},"featured_media":850,"comment_status":"open","ping_status":"closed","template":"","meta":[],"product_brand":[646],"product_cat":[114],"product_tag":[221,178,176,225,226,230,231,232,233,220,183,186,153,222,223,219,224,227,228,229],"class_list":{"0":"post-5633","1":"product","2":"type-product","3":"status-publish","6":"product_brand-amd","7":"product_cat-amd-am4","8":"product_tag-am4","9":"product_tag-am5","10":"product_tag-amd","11":"product_tag-core","12":"product_tag-core-i","13":"product_tag-core-i3","14":"product_tag-core-i5","15":"product_tag-core-i7","16":"product_tag-core-i9","17":"product_tag-cpu","18":"product_tag-intel","19":"product_tag-lga-1700","20":"product_tag-pelaaminen","21":"product_tag-peli","22":"product_tag-peliprosessori","23":"product_tag-prosessori","24":"product_tag-ryzen","25":"product_tag-ryzen-5","26":"product_tag-ryzen-7","27":"product_tag-ryzen-9","28":"product_shipping_class-pieni","30":"first","31":"onbackorder","32":"sale","33":"taxable","34":"shipping-taxable","35":"purchasable","36":"product-type-simple"},"jetpack_sharing_enabled":true,"_links":{"self":[{"href":"https:\/\/www.digidreamer.fi\/kauppa\/wp-json\/wp\/v2\/product\/5633","targetHints":{"allow":["GET"]}}],"collection":[{"href":"https:\/\/www.digidreamer.fi\/kauppa\/wp-json\/wp\/v2\/product"}],"about":[{"href":"https:\/\/www.digidreamer.fi\/kauppa\/wp-json\/wp\/v2\/types\/product"}],"replies":[{"embeddable":true,"href":"https:\/\/www.digidreamer.fi\/kauppa\/wp-json\/wp\/v2\/comments?post=5633"}],"wp:featuredmedia":[{"embeddable":true,"href":"https:\/\/www.digidreamer.fi\/kauppa\/wp-json\/wp\/v2\/media\/850"}],"wp:attachment":[{"href":"https:\/\/www.digidreamer.fi\/kauppa\/wp-json\/wp\/v2\/media?parent=5633"}],"wp:term":[{"taxonomy":"product_brand","embeddable":true,"href":"https:\/\/www.digidreamer.fi\/kauppa\/wp-json\/wp\/v2\/product_brand?post=5633"},{"taxonomy":"product_cat","embeddable":true,"href":"https:\/\/www.digidreamer.fi\/kauppa\/wp-json\/wp\/v2\/product_cat?post=5633"},{"taxonomy":"product_tag","embeddable":true,"href":"https:\/\/www.digidreamer.fi\/kauppa\/wp-json\/wp\/v2\/product_tag?post=5633"}],"curies":[{"name":"wp","href":"https:\/\/api.w.org\/{rel}","templated":true}]}}