{"id":5626,"date":"2025-04-26T01:09:54","date_gmt":"2025-04-25T22:09:54","guid":{"rendered":"https:\/\/www.digidreamer.fi\/kauppa\/?post_type=product&#038;p=5626"},"modified":"2026-05-01T09:38:51","modified_gmt":"2026-05-01T06:38:51","slug":"chieftec-bdf-1000w-cm-80plus-bronze-virtalahde","status":"publish","type":"product","link":"https:\/\/www.digidreamer.fi\/kauppa\/tuote\/chieftec-bdf-1000w-cm-80plus-bronze-virtalahde\/","title":{"rendered":"CHIEFTEC BDF 1000W CM 80PLUS Bronze-virtal\u00e4hde"},"content":{"rendered":"<p>Laitteen tyyppi: Virtal\u00e4hde &#8211; Aktiivinen tehokertoimen korjaus (PFC) &#8211; sis\u00e4inen<br \/>Teknisten tietojen vaatimustenmukaisuus: ATX12V 2.3<br \/>PSU koko ja muoto: ATX<br \/>Tuloj\u00e4nnite: Vaihtovirta 115-230 V<br \/>Vaadittu taajuus: 50 &#8211; 60 Hz<br \/>Tehon l\u00e4ht\u00f6liittimien yksityiskohdat: 1 x virta 24 nastan ATX irrotettavalla 4 nastan osiolla<br \/>9 x 15 pin Serial ATA power<br \/>3 x 4-nastainen sis\u00e4inen virta<br \/>2 x virta 8 nastan EPS12V irrotettavalla 4 nastan ATX12V osiolla<br \/>6 x 8 pin PCI Express power with detachable 2 pin section<br \/>1 x 4-nastainen mini-virtavastake<br \/>L\u00e4ht\u00f6j\u00e4nnite: +3.3, +5, \u00b112 V<br \/>Virtakapasiteetti: 1000 watti(a)<br \/>Output -virta: +5V &#8211; 23 A<br \/>+3.3V &#8211; 23 A<br \/>+12V1 &#8211; 83 A<br \/>-12V &#8211; 0.3 A<br \/>+5VSB &#8211; 3 A<br \/>Tehokkuus: 85%<br \/>Tehokerroin (PF): 0.9<br \/>80 PLUS -sertifiointi: 80 PLUS Bronze<br \/>J\u00e4\u00e4hdytysj\u00e4rjestelm\u00e4: 140 mm tuuletin<br \/>Ominaisuudet: Ylikuumenemissuoja, ylikuormituksen suojaus, ylij\u00e4nnitesuojaus, ylikuormitussuoja, matalaj\u00e4nnitesuoja, oikosulkusuojaus, DC-DC -teknologia, tuuletinnopeuden hallinta<br \/>Yhteensopivuusstandardit: TUV, CB, RoHS, ERP<br \/>Leveys: 15 cm<br \/>Syvyys: 14 cm<br \/>Korkeus: 8.7 cm<\/p>\n","protected":false},"excerpt":{"rendered":"<p>Valmistaja: CHIEFTEC<br \/>Valmistajan tuotekoodi: BDF-1000C<br \/>Tuotenimike: CHIEFTEC BDF 1000W CM 80PLUS Bronze PFC<br \/>Kuvaus: Chieftec Proton Series BDF-1000C &#8211; Virtal\u00e4hde (sis\u00e4inen) &#8211; ATX12V 2.3 &#8211; 80 PLUS Bronze &#8211; Vaihtovirta 115-230 V &#8211; 1000 watti(a) &#8211; aktiivinen PFC<br \/>EAN-koodi: 4710713231313<br \/>Takuu: 2 vuotta<\/p>\n","protected":false},"featured_media":752,"comment_status":"open","ping_status":"closed","template":"","meta":[],"product_brand":[626],"product_cat":[105],"product_tag":[371,274,273],"class_list":{"0":"post-5626","1":"product","2":"type-product","3":"status-publish","6":"product_brand-chieftec","7":"product_cat-virtalahteet","8":"product_tag-psu","9":"product_tag-tietokoneen-virtalahde","10":"product_tag-virtalahde","11":"product_shipping_class-pieni","13":"first","14":"onbackorder","15":"sale","16":"taxable","17":"shipping-taxable","18":"purchasable","19":"product-type-simple"},"jetpack_sharing_enabled":true,"_links":{"self":[{"href":"https:\/\/www.digidreamer.fi\/kauppa\/wp-json\/wp\/v2\/product\/5626","targetHints":{"allow":["GET"]}}],"collection":[{"href":"https:\/\/www.digidreamer.fi\/kauppa\/wp-json\/wp\/v2\/product"}],"about":[{"href":"https:\/\/www.digidreamer.fi\/kauppa\/wp-json\/wp\/v2\/types\/product"}],"replies":[{"embeddable":true,"href":"https:\/\/www.digidreamer.fi\/kauppa\/wp-json\/wp\/v2\/comments?post=5626"}],"wp:featuredmedia":[{"embeddable":true,"href":"https:\/\/www.digidreamer.fi\/kauppa\/wp-json\/wp\/v2\/media\/752"}],"wp:attachment":[{"href":"https:\/\/www.digidreamer.fi\/kauppa\/wp-json\/wp\/v2\/media?parent=5626"}],"wp:term":[{"taxonomy":"product_brand","embeddable":true,"href":"https:\/\/www.digidreamer.fi\/kauppa\/wp-json\/wp\/v2\/product_brand?post=5626"},{"taxonomy":"product_cat","embeddable":true,"href":"https:\/\/www.digidreamer.fi\/kauppa\/wp-json\/wp\/v2\/product_cat?post=5626"},{"taxonomy":"product_tag","embeddable":true,"href":"https:\/\/www.digidreamer.fi\/kauppa\/wp-json\/wp\/v2\/product_tag?post=5626"}],"curies":[{"name":"wp","href":"https:\/\/api.w.org\/{rel}","templated":true}]}}