{"id":5625,"date":"2025-04-26T00:09:54","date_gmt":"2025-04-25T22:09:54","guid":{"rendered":"https:\/\/www.digidreamer.fi\/kauppa\/?post_type=product&#038;p=5625"},"modified":"2026-05-01T10:01:49","modified_gmt":"2026-05-01T07:01:49","slug":"asus-tuf-gaming-gold-fully-modular-virtalahde","status":"publish","type":"product","link":"https:\/\/www.digidreamer.fi\/kauppa\/tuote\/asus-tuf-gaming-gold-fully-modular-virtalahde\/","title":{"rendered":"ASUS TUF Gaming Gold Fully Modular-virtal\u00e4hde"},"content":{"rendered":"<p>Luotettava ja tehokas virtal\u00e4hde huippuluokan tietokoneelle, joka varmistaa vakaasti toimivan j\u00e4rjestelm\u00e4n my\u00f6s suuriin kuormituksiin.<br \/>80\u202fPlus Gold \u2011sertifiointi tarjoaa korkean energiatehokkuuden ja v\u00e4hent\u00e4\u00e4 hukkaenergiaa sek\u00e4 l\u00e4mp\u00f6\u00e4.<br \/>T\u00e4ysin modulaarinen kaapelointi pit\u00e4\u00e4 asennuksen siistin\u00e4 ja helpottaa j\u00e4rjestelm\u00e4n rakentamista ja huoltoa.<br \/>Korkealaatuiset komponentit ja pitk\u00e4 k\u00e4ytt\u00f6ik\u00e4 tekev\u00e4t t\u00e4st\u00e4 virtal\u00e4hteest\u00e4 erinomaisen valinnan niin pelaajille kuin ty\u00f6asemak\u00e4ytt\u00f6\u00f6n.<\/p>\n<p>Laitteen tyyppi: Virtal\u00e4hde &#8211; sis\u00e4inen<br \/>Teknisten tietojen vaatimustenmukaisuus: ATX12V<br \/>PSU koko ja muoto: ATX<br \/>Tuloj\u00e4nnite: Vaihtovirta 100-240 V<br \/>Tehon l\u00e4ht\u00f6liittimien yksityiskohdat: 1 x virta 24 nastan ATX irrotettavalla 4 nastan osiolla<br \/>2 x virta 8 nastan EPS12V irrotettavalla 4 nastan ATX12V osiolla<br \/>3 x 8 pin PCI Express power with detachable 2 pin section<br \/>1 x 16-nastainen PCI Express -virta<br \/>4 x 4-nastainen sis\u00e4inen virta<br \/>5 x 15 pin Serial ATA power<br \/>L\u00e4ht\u00f6j\u00e4nnite: +3.3, +5, \u00b112 V<br \/>Virtakapasiteetti: 750, 850, 1000 ja 1200 wattia<br \/>Output -virta: +3.3V &#8211; 25 A<br \/>+5V &#8211; 25 A<br \/>+12V &#8211; 70.8 A<br \/>-12V &#8211; 0.8 A<br \/>+5VSB &#8211; 3 A<br \/>Modulaarijohdon hallinta: Kyll\u00e4<br \/>80 PLUS -sertifiointi: 80 PLUS Gold<br \/>Sis\u00e4ltyv\u00e4t lis\u00e4varusteet: Kaapelin kiinnittimet<br \/>Ominaisuudet: Ylikuormituksen suojaus, ylij\u00e4nnitesuojaus, ylivirtasuoja, matalaj\u00e4nnitesuoja, oikosulkusuojaus, kaksoiskuulalaakeri tuuletin, t\u00e4ysin moduloitava, Axial-tech-tuuletindesign<br \/>Yhteensopivuusstandardit: RoHS<br \/>Leveys: 15 cm<br \/>Syvyys: 15 cm<br \/>Korkeus: 8.6 cm<br \/>Paino: 2.38 kg<\/p>\n","protected":false},"excerpt":{"rendered":"<p>Valmistaja: ASUS<br \/>Valmistajan tuotekoodi: 90YE00S3-B0NA00, 90YE00S2-B0NA00, 90YE00S1-B0NA00, 90YE00S0-B0NA00<br \/>Tuotenimike: ASUS TUF Gaming Gold Fully Modular Power Supply<br \/>Kuvaus: ASUS TUF Gaming &#8211; Virtal\u00e4hde (sis\u00e4inen) &#8211; ATX12V &#8211; 80 PLUS Gold &#8211; Vaihtovirta 100-240 V<br \/>EAN-koodi: 4711081786733, 4711081786573, 4711081786412, 4711081786252<br \/>Takuu: 10 vuotta<\/p>\n","protected":false},"featured_media":748,"comment_status":"open","ping_status":"closed","template":"","meta":[],"product_brand":[633],"product_cat":[105],"product_tag":[371,274,273],"class_list":{"0":"post-5625","1":"product","2":"type-product","3":"status-publish","6":"product_brand-asus","7":"product_cat-virtalahteet","8":"product_tag-psu","9":"product_tag-tietokoneen-virtalahde","10":"product_tag-virtalahde","11":"product_shipping_class-pieni","13":"first","14":"instock","15":"sale","16":"taxable","17":"shipping-taxable","18":"purchasable","19":"product-type-variable","20":"has-default-attributes"},"jetpack_sharing_enabled":true,"_links":{"self":[{"href":"https:\/\/www.digidreamer.fi\/kauppa\/wp-json\/wp\/v2\/product\/5625","targetHints":{"allow":["GET"]}}],"collection":[{"href":"https:\/\/www.digidreamer.fi\/kauppa\/wp-json\/wp\/v2\/product"}],"about":[{"href":"https:\/\/www.digidreamer.fi\/kauppa\/wp-json\/wp\/v2\/types\/product"}],"replies":[{"embeddable":true,"href":"https:\/\/www.digidreamer.fi\/kauppa\/wp-json\/wp\/v2\/comments?post=5625"}],"wp:featuredmedia":[{"embeddable":true,"href":"https:\/\/www.digidreamer.fi\/kauppa\/wp-json\/wp\/v2\/media\/748"}],"wp:attachment":[{"href":"https:\/\/www.digidreamer.fi\/kauppa\/wp-json\/wp\/v2\/media?parent=5625"}],"wp:term":[{"taxonomy":"product_brand","embeddable":true,"href":"https:\/\/www.digidreamer.fi\/kauppa\/wp-json\/wp\/v2\/product_brand?post=5625"},{"taxonomy":"product_cat","embeddable":true,"href":"https:\/\/www.digidreamer.fi\/kauppa\/wp-json\/wp\/v2\/product_cat?post=5625"},{"taxonomy":"product_tag","embeddable":true,"href":"https:\/\/www.digidreamer.fi\/kauppa\/wp-json\/wp\/v2\/product_tag?post=5625"}],"curies":[{"name":"wp","href":"https:\/\/api.w.org\/{rel}","templated":true}]}}