{"id":5619,"date":"2025-04-26T01:09:53","date_gmt":"2025-04-25T22:09:53","guid":{"rendered":"https:\/\/www.digidreamer.fi\/kauppa\/?post_type=product&#038;p=5619"},"modified":"2026-05-01T09:58:50","modified_gmt":"2026-05-01T06:58:50","slug":"kingston-5600mhz-ddr5-cl40-sodimm-fury-impact-keskusmuisti","status":"publish","type":"product","link":"https:\/\/www.digidreamer.fi\/kauppa\/tuote\/kingston-5600mhz-ddr5-cl40-sodimm-fury-impact-keskusmuisti\/","title":{"rendered":"Kingston FURY Impact DDR5 5600MHz CL40 SODIMM \u2013 laptop RAM, XMP 3.0, 1.1V, low power, high performance notebook memory"},"content":{"rendered":"<p>Kingston FURY Impact DDR5 5600MHz CL40 SODIMM on suunniteltu tuomaan moderni DDR5-suorituskyky kannettaviin tietokoneisiin ja pienikokoisiin j\u00e4rjestelmiin.<br \/>Se tarjoaa korkeamman kaistanleveyden ja paremman energiatehokkuuden verrattuna DDR4-muisteihin, mik\u00e4 parantaa moniajoa, sovellusten latausaikoja ja yleist\u00e4 j\u00e4rjestelm\u00e4n responsiivisuutta.<br \/>Plug N Play -tuki sek\u00e4 Intel XMP 3.0 mahdollistavat helpon k\u00e4ytt\u00f6\u00f6noton ja optimaalisen suorituskyvyn ilman monimutkaista s\u00e4\u00e4t\u00f6\u00e4.<\/p>\n<p>Tekniset tiedot<br \/><strong>Yleist\u00e4<\/strong><br \/>Valmistaja: Kingston<br \/>Sarja: FURY Impact<br \/>Tyyppi: DDR5 SODIMM<br \/>Nopeus: 5600 MT\/s<br \/>Latenssi: CL40<br \/>J\u00e4nnite: 1.1V<\/p>\n<p><strong>Suorituskyky &amp; ominaisuudet<\/strong><br \/>DDR5 seuraavan sukupolven kannettaviin<br \/>XMP 3.0 -profiilit tuettuna<br \/>Plug N Play automaattinen optimointi<br \/>On-die ECC parantaa vakautta<br \/>Alhainen virrankulutus (parempi akunkesto)<br \/>Jopa 5600 MT\/s suorituskyky tuettuna<\/p>\n<p><strong>Rakenne<\/strong><br \/>262-pin SODIMM<br \/>Kompakti kannettavien muotokerroin<br \/>Optimoitu l\u00e4mm\u00f6nhallinta<br \/>1.1V energiatehokas toiminta<\/p>\n<p>Ominaisuudet<br \/>Nopea DDR5-p\u00e4ivitys kannettavaan<br \/>Parempi moniajo ja sovellusten suorituskyky<br \/>Plug &amp; Play -asennus (helppo p\u00e4ivitys)<br \/>XMP 3.0 -tuki suorituskykyk\u00e4ytt\u00f6\u00f6n<br \/>Alhainen virrankulutus \u2192 parempi akkukesto<br \/>Vakaa ja luotettava Kingston-laatu<\/p>\n<p>K\u00e4ytt\u00f6kohteet<br \/>Pelikannettavat (gaming laptop upgrade)<br \/>Ty\u00f6kannettavat ja opiskelukoneet<br \/>Mini-PC ja SFF-j\u00e4rjestelm\u00e4t<br \/>Moniajo, selaink\u00e4ytt\u00f6, ohjelmistokehitys<br \/>Kevyt sis\u00e4ll\u00f6ntuotanto<\/p>\n","protected":false},"excerpt":{"rendered":"<p>Kingston FURY Impact DDR5 5600MHz SODIMM on tehokas kannettavan muistip\u00e4ivitys, joka tarjoaa nopean DDR5-suorituskyvyn, alhaisen virrankulutuksen ja XMP 3.0 -tuen moderneihin kannettaviin ja mini-PC:ihin.<\/p>\n<p>Valmistaja: KINGSTON<br \/>Valmistajan tuotekoodi: KF556S40IB-16, KF556S40IB-32, KF556S40IBK2-64<br \/>Tuotenimike: KINGSTON 5600MHz DDR5 CL40 SODIMM FURY Impact PnP<br \/>Kuvaus: Kingston FURY Impact &#8211; DDR5 &#8211; pakkaus &#8211; 262-nastainen SO-DIMM &#8211; 5600 MHz \/ PC5-44800 &#8211; CL40 &#8211; 1.1 V &#8211; puskuroimaton &#8211; on-die ECC<br \/>EAN-koodi: 0740617331677, 0740617331653, 0740617331646<br \/>Takuu: Rajoitettu elinik\u00e4inen<\/p>\n","protected":false},"featured_media":724,"comment_status":"open","ping_status":"closed","template":"","meta":[],"product_brand":[638],"product_cat":[698],"product_tag":[208,204,206,205,209,207,202,203],"class_list":{"0":"post-5619","1":"product","2":"type-product","3":"status-publish","6":"product_brand-kingston","7":"product_cat-ddr5","8":"product_tag-ddr-4-keskusmuisti","9":"product_tag-ddr4","10":"product_tag-ddr4-muisti","11":"product_tag-ddr5","12":"product_tag-ddr5-keskusmuisti","13":"product_tag-ddr5-muisti","14":"product_tag-keskusmuisti","15":"product_tag-muisti","16":"product_shipping_class-kirje","18":"first","19":"instock","20":"sale","21":"taxable","22":"shipping-taxable","23":"purchasable","24":"product-type-variable","25":"has-default-attributes"},"jetpack_sharing_enabled":true,"_links":{"self":[{"href":"https:\/\/www.digidreamer.fi\/kauppa\/wp-json\/wp\/v2\/product\/5619","targetHints":{"allow":["GET"]}}],"collection":[{"href":"https:\/\/www.digidreamer.fi\/kauppa\/wp-json\/wp\/v2\/product"}],"about":[{"href":"https:\/\/www.digidreamer.fi\/kauppa\/wp-json\/wp\/v2\/types\/product"}],"replies":[{"embeddable":true,"href":"https:\/\/www.digidreamer.fi\/kauppa\/wp-json\/wp\/v2\/comments?post=5619"}],"wp:featuredmedia":[{"embeddable":true,"href":"https:\/\/www.digidreamer.fi\/kauppa\/wp-json\/wp\/v2\/media\/724"}],"wp:attachment":[{"href":"https:\/\/www.digidreamer.fi\/kauppa\/wp-json\/wp\/v2\/media?parent=5619"}],"wp:term":[{"taxonomy":"product_brand","embeddable":true,"href":"https:\/\/www.digidreamer.fi\/kauppa\/wp-json\/wp\/v2\/product_brand?post=5619"},{"taxonomy":"product_cat","embeddable":true,"href":"https:\/\/www.digidreamer.fi\/kauppa\/wp-json\/wp\/v2\/product_cat?post=5619"},{"taxonomy":"product_tag","embeddable":true,"href":"https:\/\/www.digidreamer.fi\/kauppa\/wp-json\/wp\/v2\/product_tag?post=5619"}],"curies":[{"name":"wp","href":"https:\/\/api.w.org\/{rel}","templated":true}]}}