{"id":5607,"date":"2025-04-26T01:09:51","date_gmt":"2025-04-25T22:09:51","guid":{"rendered":"https:\/\/www.digidreamer.fi\/kauppa\/?post_type=product&#038;p=5607"},"modified":"2026-04-29T19:51:33","modified_gmt":"2026-04-29T16:51:33","slug":"corsair-vengeance-lpx-ddr4-3200mhz-32gb-2x16gb-dimm-unbuffered-dual-rank-16-20-20-38-keskusmuisti","status":"publish","type":"product","link":"https:\/\/www.digidreamer.fi\/kauppa\/tuote\/corsair-vengeance-lpx-ddr4-3200mhz-32gb-2x16gb-dimm-unbuffered-dual-rank-16-20-20-38-keskusmuisti\/","title":{"rendered":"Corsair Vengeance LPX 32GB (2x16GB) DDR4 3200MHz CL16 DIMM Dual Channel \u2013 Low Profile Gaming &amp; Desktop RAM"},"content":{"rendered":"<p>Corsair Vengeance LPX on suosittu suorituskykyinen DDR4-muistisarja, joka on suunniteltu vakaaseen toimintaan ja helppoon ylikellotukseen XMP-profiilien avulla.<br \/>32GB (2\u00d716GB) kokoonpano tarjoaa erinomaisen tasapainon pelaamiseen, sis\u00e4ll\u00f6ntuotantoon ja raskaaseen moniajoon. 3200MHz taajuus on edelleen yksi DDR4-alustan parhaista \u201csweet spot\u201d -nopeuksista.<br \/>Matala LPX-muotoilu varmistaa yhteensopivuuden my\u00f6s kompakteissa koteloissa ja suurten CPU-j\u00e4\u00e4hdyttimien kanssa.<\/p>\n<p>Tekniset tiedot<br \/><strong>Yleist\u00e4<\/strong><br \/>Valmistaja: Corsair<br \/>Sarja: Vengeance LPX<br \/>Tyyppi: DDR4 DIMM<br \/>Kokoonpano: 2 \u00d7 16GB (32GB)<br \/>Kanavatuki: Dual Channel<\/p>\n<p><strong>Suorituskyky<\/strong><br \/>Taajuus: 3200 MHz (XMP)<br \/>Latenssi: CL16-20-20-38<br \/>J\u00e4nnite: 1.35V<br \/>SPD oletusnopeus: 2133 MHz<br \/>XMP 2.0 tuki: kyll\u00e4<\/p>\n<p><strong>Rakenne<\/strong><br \/>Heatspreader: alumiini<br \/>Profiili: matala (low profile)<br \/>PCB: 8-kerroksinen suorituskyky-PCB<br \/>V\u00e4ri: musta<\/p>\n<p><strong>Yhteensopivuus<\/strong><br \/>Intel DDR4-alustat (300\/400\/500-sarja)<br \/>AMD DDR4-alustat (AM4 ja vastaavat DDR4-emolevyt)<br \/>ITX \/ mATX \/ ATX-kokoonpanot<\/p>\n<p>Ominaisuudet<br \/>Vakaa 3200MHz suorituskyky<br \/>Helppo XMP-ylikellotus<br \/>Matala profiili (mahtuu isoihin j\u00e4\u00e4hyihin)<br \/>Luotettava Corsair-laatu<br \/>Hyv\u00e4 hinta\u2013suorituskyky-suhde<br \/>32GB kapasiteetti raskaaseen k\u00e4ytt\u00f6\u00f6n<\/p>\n<p>K\u00e4ytt\u00f6kohteet<br \/>Pelaaminen (AAA + esports)<br \/>Sis\u00e4ll\u00f6ntuotanto (video \/ kuva \/ editointi)<br \/>Moniajo ja ty\u00f6asemat<br \/>Vanhempien DDR4-kokoonpanojen p\u00e4ivitys<br \/>Yleisk\u00e4ytt\u00f6iset PC-rakennelmat<\/p>\n","protected":false},"excerpt":{"rendered":"<p>Corsair Vengeance LPX 32GB DDR4 3200MHz on luotettava ja suorituskykyinen kaksikanavainen muistipaketti, joka sopii pelaamiseen, ty\u00f6asemille ja moniajoon. Matala profiili helpottaa asennusta ahtaissa koteloissa.<\/p>\n<p>Valmistaja: CORSAIR<br \/>Valmistajan tuotekoodi: CMK32GX4M2E3200C16<br \/>Tuotenimike: CORSAIR Vengeance LPX DDR4 3200MHz 32GB 2x16GB DIMM Unbuffered Dual Rank 16-20-20-38<br \/>Kuvaus: CORSAIR Vengeance LPX &#8211; DDR4 &#8211; pakkaus &#8211; 32 Gt: 2 x 16 Gt &#8211; DIMM 288 nastaa &#8211; 3200 MT\/s \/ PC4-25600 &#8211; CL16 &#8211; 1.35 V &#8211; puskuroimaton &#8211; non-ECC &#8211; musta<br \/>EAN-koodi: 0840006608547<br \/>Valmistajan takuu: Rajoitettu elinik\u00e4inen<\/p>\n","protected":false},"featured_media":11359,"comment_status":"open","ping_status":"closed","template":"","meta":[],"product_brand":[639],"product_cat":[697],"product_tag":[247,245,256,246,253,248,252,153,262,261,263,249,190,257,259,264,265,258,260,250,255,251,254],"class_list":{"0":"post-5607","1":"product","2":"type-product","3":"status-publish","6":"product_brand-corsair","7":"product_cat-ddr4","8":"product_tag-kone","9":"product_tag-koti","10":"product_tag-koti-pc","11":"product_tag-kotikone","12":"product_tag-kotipc","13":"product_tag-kotitietokone","14":"product_tag-pc","15":"product_tag-pelaaminen","16":"product_tag-peli-pc","17":"product_tag-pelikone","18":"product_tag-pelipc","19":"product_tag-tieto","20":"product_tag-tietokone","21":"product_tag-tietokone-kotiin","22":"product_tag-tietokone-kotikayttoon","23":"product_tag-tietokone-pelaamiseen","24":"product_tag-tietokone-pelikayttoon","25":"product_tag-tietokone-yritykselle","26":"product_tag-tietokone-yrityskayttoon","27":"product_tag-yritys","28":"product_tag-yritys-pc","29":"product_tag-yrityskone","30":"product_tag-yrityspc","32":"first","33":"instock","34":"sale","35":"taxable","36":"shipping-taxable","37":"purchasable","38":"product-type-simple"},"jetpack_sharing_enabled":true,"_links":{"self":[{"href":"https:\/\/www.digidreamer.fi\/kauppa\/wp-json\/wp\/v2\/product\/5607","targetHints":{"allow":["GET"]}}],"collection":[{"href":"https:\/\/www.digidreamer.fi\/kauppa\/wp-json\/wp\/v2\/product"}],"about":[{"href":"https:\/\/www.digidreamer.fi\/kauppa\/wp-json\/wp\/v2\/types\/product"}],"replies":[{"embeddable":true,"href":"https:\/\/www.digidreamer.fi\/kauppa\/wp-json\/wp\/v2\/comments?post=5607"}],"wp:featuredmedia":[{"embeddable":true,"href":"https:\/\/www.digidreamer.fi\/kauppa\/wp-json\/wp\/v2\/media\/11359"}],"wp:attachment":[{"href":"https:\/\/www.digidreamer.fi\/kauppa\/wp-json\/wp\/v2\/media?parent=5607"}],"wp:term":[{"taxonomy":"product_brand","embeddable":true,"href":"https:\/\/www.digidreamer.fi\/kauppa\/wp-json\/wp\/v2\/product_brand?post=5607"},{"taxonomy":"product_cat","embeddable":true,"href":"https:\/\/www.digidreamer.fi\/kauppa\/wp-json\/wp\/v2\/product_cat?post=5607"},{"taxonomy":"product_tag","embeddable":true,"href":"https:\/\/www.digidreamer.fi\/kauppa\/wp-json\/wp\/v2\/product_tag?post=5607"}],"curies":[{"name":"wp","href":"https:\/\/api.w.org\/{rel}","templated":true}]}}