{"id":5601,"date":"2025-04-26T01:09:35","date_gmt":"2025-04-25T22:09:35","guid":{"rendered":"https:\/\/www.digidreamer.fi\/kauppa\/?post_type=product&#038;p=5601"},"modified":"2026-04-29T20:07:03","modified_gmt":"2026-04-29T17:07:03","slug":"asus-va27ehf-27-ips-wled-1920x1080-100hz-naytto","status":"publish","type":"product","link":"https:\/\/www.digidreamer.fi\/kauppa\/tuote\/asus-va27ehf-27-ips-wled-1920x1080-100hz-naytto\/","title":{"rendered":"ASUS VA27EHF 27&#8243; IPS WLED 1920&#215;1080 100Hz-n\u00e4ytt\u00f6"},"content":{"rendered":"<p>N\u00e4yt\u00f6n tyyppi: LED-taustavalaistu LCD-n\u00e4ytt\u00f6 \/ TFT-aktiivimatriisi<br \/>Energialuokka: E<br \/>N\u00e4yt\u00f6n koko: 27&#8243;<br \/>Paneelityyppi: IPS<br \/>Katselusuhde: 16:9<br \/>Alkuper\u00e4inen tarkkuus: Full HD (1080p) 1920 x 1080 at 100 Hz<br \/>Pikselikoko: 0.311 mm<br \/>Kirkkaus: 250 cd\/m\u00b2<br \/>Kontrastisuhde: 1300:1<br \/>V\u00e4rituki: 16,7 miljoonaa v\u00e4ri\u00e4<br \/>Vasteaika: 1 ms (MPRT)<br \/>Pystysuuntainen p\u00e4ivityssuhde: 48 &#8211; 100 Hz<br \/>Vaakasuuntainen p\u00e4ivityssuhde: 30 &#8211; 120 kHz<br \/>Vaakasuuntainen katselukulma: 178<br \/>Pystysuuntainen katselukulma: 178<br \/>N\u00e4yt\u00f6n pinnoite: H\u00e4ik\u00e4isem\u00e4t\u00f6n<br \/>Taustavaloteknologia: LED-taustavalo<br \/>Ominaisuudet: HDCP, Trace Free Technology, ASUS Splendid Video Preset Mode, ASUS QuickFit Virtual Scale, ASUS GamePlus, Low Blue Light Mode, Flicker Free -tekniikka, Adaptive-Sync -tekniikka, V\u00e4rin l\u00e4mp\u00f6tilan valinta, ASUS EyeCare+ Technology, muuttuva virkistystaajuus (VRR)<br \/>Ulkomitat (PxSxK): 61.242 cm x 23.997 cm x 46.529 cm &#8211; jalustalla<br \/>Paino: 3.85 kg<br \/>Liit\u00e4nn\u00e4t: HDMI<br \/>N\u00e4yt\u00f6n sijainnin s\u00e4\u00e4d\u00f6t: Kaltevuus<br \/>Kallistuskulma: -5\/+23<br \/>VESA-kiinnitysliit\u00e4nt\u00e4: 100 x 100 mm<br \/>L\u00e4hetysleveys: 68 cm<br \/>L\u00e4hetyssyvyys: 15 cm<br \/>L\u00e4hetyskorkeus: 47.5 cm<br \/>L\u00e4hetyspaino: 5.53 kg<\/p>\n","protected":false},"excerpt":{"rendered":"<p>Valmistaja: ASUS<br \/>Valmistajan tuotekoodi: 90LM0550-B04170<br \/>Tuotenimike: ASUS VA27EHF 27inch IPS WLED 1920&#215;1080 100Hz 250cd\/m2 1ms HDMI<br \/>Kuvaus: ASUS VA27EHF &#8211; LED-n\u00e4ytt\u00f6 &#8211; 27&#8243; &#8211; 1920 x 1080 Full HD (1080p) @ 100 Hz &#8211; IPS &#8211; 250 cd\/m\u00b2 &#8211; 1300:1 &#8211; 1 ms &#8211; HDMI<br \/>EAN-koodi: 4711387078334<br \/>Takuu: 3 vuotta<\/p>\n","protected":false},"featured_media":585,"comment_status":"open","ping_status":"closed","template":"","meta":[],"product_brand":[633],"product_cat":[682],"product_tag":[318,322,319,320,321],"class_list":{"0":"post-5601","1":"product","2":"type-product","3":"status-publish","6":"product_brand-asus","7":"product_cat-full-hd","8":"product_tag-naytto","9":"product_tag-pc-naytto","10":"product_tag-pelinaytto","11":"product_tag-tietokoneen-naytto","12":"product_tag-yritysnaytto","13":"product_shipping_class-pieni","15":"first","16":"onbackorder","17":"sale","18":"downloadable","19":"taxable","20":"shipping-taxable","21":"purchasable","22":"product-type-simple"},"jetpack_sharing_enabled":true,"_links":{"self":[{"href":"https:\/\/www.digidreamer.fi\/kauppa\/wp-json\/wp\/v2\/product\/5601","targetHints":{"allow":["GET"]}}],"collection":[{"href":"https:\/\/www.digidreamer.fi\/kauppa\/wp-json\/wp\/v2\/product"}],"about":[{"href":"https:\/\/www.digidreamer.fi\/kauppa\/wp-json\/wp\/v2\/types\/product"}],"replies":[{"embeddable":true,"href":"https:\/\/www.digidreamer.fi\/kauppa\/wp-json\/wp\/v2\/comments?post=5601"}],"wp:featuredmedia":[{"embeddable":true,"href":"https:\/\/www.digidreamer.fi\/kauppa\/wp-json\/wp\/v2\/media\/585"}],"wp:attachment":[{"href":"https:\/\/www.digidreamer.fi\/kauppa\/wp-json\/wp\/v2\/media?parent=5601"}],"wp:term":[{"taxonomy":"product_brand","embeddable":true,"href":"https:\/\/www.digidreamer.fi\/kauppa\/wp-json\/wp\/v2\/product_brand?post=5601"},{"taxonomy":"product_cat","embeddable":true,"href":"https:\/\/www.digidreamer.fi\/kauppa\/wp-json\/wp\/v2\/product_cat?post=5601"},{"taxonomy":"product_tag","embeddable":true,"href":"https:\/\/www.digidreamer.fi\/kauppa\/wp-json\/wp\/v2\/product_tag?post=5601"}],"curies":[{"name":"wp","href":"https:\/\/api.w.org\/{rel}","templated":true}]}}