{"id":5593,"date":"2025-04-26T01:09:34","date_gmt":"2025-04-25T22:09:34","guid":{"rendered":"https:\/\/www.digidreamer.fi\/kauppa\/?post_type=product&#038;p=5593"},"modified":"2026-05-01T09:44:44","modified_gmt":"2026-05-01T06:44:44","slug":"kingston-ssd-kc600-sata3-2-5-kovalevy","status":"publish","type":"product","link":"https:\/\/www.digidreamer.fi\/kauppa\/tuote\/kingston-ssd-kc600-sata3-2-5-kovalevy\/","title":{"rendered":"Kingston KC600 2.5\u201d SATA SSD \u2013 550\/520MB\/s, 3D TLC NAND, AES 256-bit, DRAM cache, 7mm ohut, 5v takuu, PC &amp; laptop SSD"},"content":{"rendered":"<p>Kingston KC600 on suorituskykyinen SATA SSD, joka tarjoaa merkitt\u00e4v\u00e4n parannuksen vanhaan kovalevyyn verrattuna.<br \/>3D TLC NAND -muisti, DRAM-v\u00e4limuisti ja tehokas ohjain mahdollistavat nopean ja tasaisen suorituskyvyn p\u00e4ivitt\u00e4isess\u00e4 k\u00e4yt\u00f6ss\u00e4, pelaamisessa ja ty\u00f6kuormissa.<br \/>KC600 on suunniteltu erityisesti j\u00e4rjestelm\u00e4n vasteaikojen parantamiseen ja hiljaisen, energiatehokkaan tallennusratkaisun tarjoamiseen.<\/p>\n<p>Tekniset tiedot<br \/><strong>Yleist\u00e4<\/strong><br \/>Valmistaja: Kingston<br \/>Malli: KC600<br \/>Tyyppi: 2.5\u201d SATA SSD<br \/>Paksuus: 7 mm (ohut malli, sopii l\u00e4pp\u00e4reihin)<br \/>K\u00e4ytt\u00f6liittym\u00e4: SATA III (6 Gb\/s)<\/p>\n<p><strong>Suorituskyky<\/strong><br \/>Lukunopeus: jopa 550 MB\/s<br \/>Kirjoitusnopeus: jopa 520 MB\/s<br \/>DRAM cache: kyll\u00e4 (parempi vaste ja vakaus)<br \/>4K IOPS: jopa ~90k \/ 80k<\/p>\n<p><strong>Muisti &amp; kest\u00e4vyys<\/strong><br \/>NAND: 3D TLC<br \/>AES 256-bit laitteistopohjainen salaus<br \/>TBW: jopa 600 TB (1TB malli)<br \/>MTBF: ~2 miljoonaa tuntia<br \/>Takuu: 5 vuotta<\/p>\n<p><strong>Virrankulutus<\/strong><br \/>Eritt\u00e4in matala idle-virrankulutus (~0.08 W)<br \/>Sopii l\u00e4pp\u00e4reihin ja energiatehokkaisiin j\u00e4rjestelmiin<\/p>\n<p>Ominaisuudet<br \/>Jopa 10\u00d7 nopeampi kuin HDD<br \/>Hiljainen (ei liikkuvia osia)<br \/>Parempi pelikokemuksen latausajat<br \/>Luotettava DRAM-cache -ohjattu suorituskyky<br \/>Helppo HDD \u2192 SSD -p\u00e4ivitys<br \/>Yhteensopiva l\u00e4hes kaikkien PC- ja l\u00e4pp\u00e4rij\u00e4rjestelmien kanssa<\/p>\n<p>K\u00e4ytt\u00f6kohteet<br \/>Vanhan HDD:n korvaaminen<br \/>Pelitietokoneiden nopeutus<br \/>Kannettavien p\u00e4ivitys<br \/>Toimisto- ja ty\u00f6asemak\u00e4ytt\u00f6<br \/>K\u00e4ytt\u00f6j\u00e4rjestelm\u00e4n levy (Windows \/ Linux \/ macOS Boot Camp)<\/p>\n","protected":false},"excerpt":{"rendered":"<p>Kingston KC600 on nopea ja luotettava 2.5\u201d SATA SSD, joka parantaa tietokoneen k\u00e4ynnistyst\u00e4, latausaikoja ja yleist\u00e4 suorituskyky\u00e4 jopa 550 MB\/s nopeuksilla. Erinomainen HDD-p\u00e4ivitys kannettaviin ja p\u00f6yt\u00e4koneisiin.<\/p>\n<p>Valmistaja: KINGSTON<br \/>Valmistajan tuotekoodi: SKC600\/256G, SKC600\/512G, SKC600\/1024G, SKC600\/2048G<br \/>Tuotenimike: KINGSTON SSD KC600 SATA3 2.5inch<br \/>Kuvaus: Kingston KC600 &#8211; SSD &#8211; salattu &#8211; sis\u00e4inen &#8211; 2.5&#8243; &#8211; SATA 6Gb\/s &#8211; AES 256 bitti\u00e4 &#8211; Self-Encrypting Drive (SED), TCG Opal Encryption<br \/>EAN-koodi: 0740617300161<br \/>Takuu: 5 vuotta<\/p>\n","protected":false},"featured_media":640,"comment_status":"open","ping_status":"closed","template":"","meta":[],"product_brand":[638],"product_cat":[703],"product_tag":[194,197,191,195],"class_list":{"0":"post-5593","1":"product","2":"type-product","3":"status-publish","6":"product_brand-kingston","7":"product_cat-2-5-sata-ssd","8":"product_tag-kovalevy","9":"product_tag-sata","10":"product_tag-ssd","11":"product_tag-ssd-kovalevy","12":"product_shipping_class-kirje","14":"first","15":"instock","16":"sale","17":"taxable","18":"shipping-taxable","19":"purchasable","20":"product-type-variable","21":"has-default-attributes"},"jetpack_sharing_enabled":true,"_links":{"self":[{"href":"https:\/\/www.digidreamer.fi\/kauppa\/wp-json\/wp\/v2\/product\/5593","targetHints":{"allow":["GET"]}}],"collection":[{"href":"https:\/\/www.digidreamer.fi\/kauppa\/wp-json\/wp\/v2\/product"}],"about":[{"href":"https:\/\/www.digidreamer.fi\/kauppa\/wp-json\/wp\/v2\/types\/product"}],"replies":[{"embeddable":true,"href":"https:\/\/www.digidreamer.fi\/kauppa\/wp-json\/wp\/v2\/comments?post=5593"}],"wp:featuredmedia":[{"embeddable":true,"href":"https:\/\/www.digidreamer.fi\/kauppa\/wp-json\/wp\/v2\/media\/640"}],"wp:attachment":[{"href":"https:\/\/www.digidreamer.fi\/kauppa\/wp-json\/wp\/v2\/media?parent=5593"}],"wp:term":[{"taxonomy":"product_brand","embeddable":true,"href":"https:\/\/www.digidreamer.fi\/kauppa\/wp-json\/wp\/v2\/product_brand?post=5593"},{"taxonomy":"product_cat","embeddable":true,"href":"https:\/\/www.digidreamer.fi\/kauppa\/wp-json\/wp\/v2\/product_cat?post=5593"},{"taxonomy":"product_tag","embeddable":true,"href":"https:\/\/www.digidreamer.fi\/kauppa\/wp-json\/wp\/v2\/product_tag?post=5593"}],"curies":[{"name":"wp","href":"https:\/\/api.w.org\/{rel}","templated":true}]}}