{"id":5589,"date":"2025-04-26T01:09:34","date_gmt":"2025-04-25T22:09:34","guid":{"rendered":"https:\/\/www.digidreamer.fi\/kauppa\/?post_type=product&#038;p=5589"},"modified":"2026-05-01T10:18:50","modified_gmt":"2026-05-01T07:18:50","slug":"amd-ryzen-9-9900x3d-5-5ghz-am5-12c-24t-120w-140mb-box-prosessori","status":"publish","type":"product","link":"https:\/\/www.digidreamer.fi\/kauppa\/tuote\/amd-ryzen-9-9900x3d-5-5ghz-am5-12c-24t-120w-140mb-box-prosessori\/","title":{"rendered":"AMD Ryzen 9 9900X3D 5.5GHZ AM5 12C\/24T 120W 140MB BOX-prosessori"},"content":{"rendered":"<p>Tuotetyyppi: Suoritin<br \/>Tyyppi \/ Koko tai muoto: AMD Ryzen 9 9900X3D<br \/>Ydinten m\u00e4\u00e4r\u00e4: 12-ytiminen<br \/>S\u00e4ikeiden m\u00e4\u00e4r\u00e4: 24 s\u00e4iett\u00e4<br \/>V\u00e4limuisti: 128 Mt<br \/>Cache-muistin tiedot:<br \/>L3 &#8211; 128 Mt<br \/>L2 &#8211; 12 MB<br \/>L1 &#8211; 960 KB<br \/>Suorittimien m\u00e4\u00e4r\u00e4: 1<br \/>Kellotaajuus: 4.4 GHz<br \/>Max. turbonopeus: 5.5 GHz<br \/>Yhteensopiva suoritinkanta: Socket AM5<br \/>Tuotantoprosessi: 4 nm<br \/>Thermal Design Power: 120 W<br \/>L\u00e4mp\u00f6tiedot: 95 \u00b0C<br \/>PCI Express -versio: 5.0<br \/>PCI Express Revision-kaistojen m\u00e4\u00e4r\u00e4: 28<br \/>Arkkitehtuuriset ominaisuudet: &#8220;Zen 5&#8221; -ydinarkkitehtuuri, Advanced Vector Extensions (AVX), Advanced Vector Extensions 2 (AVX2), AES, AMD EXPO Technology, AMD Precision Boost 2 -tekniikka, AMD Ryzen Master Utility, AMD RyzenTechnologies, AMD Simultaneous Multithreading (SMT), MMX-k\u00e4skykanta<br \/>N\u00e4yt\u00f6nohjain: Radeon Graphics<br \/>Perustaajuus: 2200 MHz<br \/>Pakkaustyyppi: AMD Processor in a Box (PIB)<\/p>\n","protected":false},"excerpt":{"rendered":"<p>Valmistaja: AMD<br \/>Valmistajan tuotekoodi: 100-100001368WOF<br \/>Tuotenimike: AMD Ryzen 9 9900X3D 5.5GHZ AM5 12C\/24T 120W 140MB BOX<br \/>Kuvaus:\u00b4AMD Ryzen 9 9900X3D &#8211; 4.4 GHz &#8211; 12-ytiminen &#8211; 24 s\u00e4iett\u00e4 &#8211; 128 Mt cache &#8211; Socket AM5 &#8211; Box<br \/>EAN-koodi: 0730143315579<br \/>Valmistajan takuu: 3 vuotta<\/p>\n","protected":false},"featured_media":4173,"comment_status":"open","ping_status":"closed","template":"","meta":[],"product_brand":[646],"product_cat":[97],"product_tag":[239,240,238,242,241,219,244,243],"class_list":{"0":"post-5589","1":"product","2":"type-product","3":"status-publish","6":"product_brand-amd","7":"product_cat-amd-am5","8":"product_tag-jaahdytin","9":"product_tag-jaahy","10":"product_tag-neste","11":"product_tag-nestejaahdytin","12":"product_tag-nestejaahy","13":"product_tag-prosessori","14":"product_tag-prosessorin-nestejaahdytin","15":"product_tag-prosessorin-nestejaahy","16":"product_shipping_class-pieni","18":"first","19":"instock","20":"sale","21":"taxable","22":"shipping-taxable","23":"purchasable","24":"product-type-simple"},"jetpack_sharing_enabled":true,"_links":{"self":[{"href":"https:\/\/www.digidreamer.fi\/kauppa\/wp-json\/wp\/v2\/product\/5589","targetHints":{"allow":["GET"]}}],"collection":[{"href":"https:\/\/www.digidreamer.fi\/kauppa\/wp-json\/wp\/v2\/product"}],"about":[{"href":"https:\/\/www.digidreamer.fi\/kauppa\/wp-json\/wp\/v2\/types\/product"}],"replies":[{"embeddable":true,"href":"https:\/\/www.digidreamer.fi\/kauppa\/wp-json\/wp\/v2\/comments?post=5589"}],"wp:featuredmedia":[{"embeddable":true,"href":"https:\/\/www.digidreamer.fi\/kauppa\/wp-json\/wp\/v2\/media\/4173"}],"wp:attachment":[{"href":"https:\/\/www.digidreamer.fi\/kauppa\/wp-json\/wp\/v2\/media?parent=5589"}],"wp:term":[{"taxonomy":"product_brand","embeddable":true,"href":"https:\/\/www.digidreamer.fi\/kauppa\/wp-json\/wp\/v2\/product_brand?post=5589"},{"taxonomy":"product_cat","embeddable":true,"href":"https:\/\/www.digidreamer.fi\/kauppa\/wp-json\/wp\/v2\/product_cat?post=5589"},{"taxonomy":"product_tag","embeddable":true,"href":"https:\/\/www.digidreamer.fi\/kauppa\/wp-json\/wp\/v2\/product_tag?post=5589"}],"curies":[{"name":"wp","href":"https:\/\/api.w.org\/{rel}","templated":true}]}}