{"id":5583,"date":"2025-04-26T01:09:33","date_gmt":"2025-04-25T22:09:33","guid":{"rendered":"https:\/\/www.digidreamer.fi\/kauppa\/?post_type=product&#038;p=5583"},"modified":"2026-05-01T09:53:54","modified_gmt":"2026-05-01T06:53:54","slug":"chieftec-1200w-psu-80-plus-platinum-virtalahde","status":"publish","type":"product","link":"https:\/\/www.digidreamer.fi\/kauppa\/tuote\/chieftec-1200w-psu-80-plus-platinum-virtalahde\/","title":{"rendered":"CHIEFTEC 1200W PSU 80 PLUS PLATINUM-virtal\u00e4hde"},"content":{"rendered":"<p>Laitteen tyyppi: Virtal\u00e4hde &#8211; Aktiivinen tehokertoimen korjaus (PFC) &#8211; sis\u00e4inen<br \/>Teknisten tietojen vaatimustenmukaisuus: ATX12V 2.53<br \/>PSU koko ja muoto: ATX<br \/>Tuloj\u00e4nnite: Vaihtovirta 100-240 V<br \/>Vaadittu taajuus: 47 &#8211; 63 Hz<br \/>Tehon l\u00e4ht\u00f6liittimien yksityiskohdat: 1 x virta 24 nastan ATX irrotettavalla 4 nastan osiolla, 2 x virta 8 nastan EPS12V irrotettavalla 4 nastan ATX12V osiolla, 8 x 8 pin PCI Express power with detachable 2 pin section, 9 x 15 pin Serial ATA power, 4 x Molex\/floppy<br \/>L\u00e4ht\u00f6j\u00e4nnite: +3.3, +5, \u00b112 V, +5Vsb V<br \/>Virtakapasiteetti: 1200 watti(a)<br \/>Output -virta: +3.3V &#8211; 25 A, +5V &#8211; 25 A, +12V &#8211; 100 A, -12V &#8211; 0.3 A, +5VSB &#8211; 3 A<br \/>Tehokerroin (PF): 0.9<br \/>Modulaarijohdon hallinta: Kyll\u00e4<br \/>80 PLUS -sertifiointi: 80 PLUS Platinum<br \/>Sis\u00e4ltyv\u00e4t kaapelit: Virtal\u00e4hde 24-nastainen ATX, jossa on irrotettava 4-nastainen modulaarinen kaapeliosa &#8211; ulkoinen &#8211; 60 cm, 8-napainen EPS12V-virta, jossa on irrotettava 4-napainen ATX12V-osan modulaarinen kaapeli &#8211; ulkoinen &#8211; 70 cm, 4 x 8 pin PCI Express power irrotettavalla 2 pin modulaarikaapelilla &#8211; ulkoinen &#8211; 60 cm, 3 x Sarjakaapeli ATA &#8211; ulkoinen &#8211; 80 cm, Molex power cable &#8211; ulkoinen &#8211; 70 cm, Levyke sovitin (floppy adapter) &#8211; ulkoinen &#8211; 15 cm<br \/>J\u00e4\u00e4hdytysj\u00e4rjestelm\u00e4: 140 mm tuuletin<br \/>Ominaisuudet: Ylikuumenemissuoja, ylikuormituksen suojaus, ylij\u00e4nnitesuojaus, ylivirtasuoja, matalaj\u00e4nnitesuoja, oikosulkusuojaus, Adaptive Feed Forward Cancellation (AFC) technology, Ylij\u00e4nnite- ja sy\u00f6ksyvirtasuoja (SIP)<br \/>Yhteensopivuusstandardit: CB, FCC, RoHS, WEEE, ErP Ready, EAC, Interseroh, TUV Rheinland<br \/>Leveys: 15 cm<br \/>Syvyys: 16 cm<br \/>Korkeus: 8.7 cm<br \/>Paino: 3.46 kg<br \/>L\u00e4hetyspaino: 3.87 kg<\/p>\n","protected":false},"excerpt":{"rendered":"<p>Valmistaja: CHIEFTEC<br \/>Valmistajan tuotekoodi: GPU-1200FC<br \/>Tuotenimike: CHIEFTEC 1200W PSU 80 PLUS PLATINUM ATX cable-mgt retail<br \/>Kuvaus: Chieftronic PowerPlay Series 1200W &#8211; Virtal\u00e4hde (sis\u00e4inen) &#8211; ATX12V 2.53 &#8211; 80 PLUS Platinum &#8211; Vaihtovirta 100-240 V &#8211; 1200 watti(a) &#8211; aktiivinen PFC<br \/>EAN-koodi: 0753263077677<br \/>Takuu: 5 vuotta<\/p>\n","protected":false},"featured_media":592,"comment_status":"open","ping_status":"closed","template":"","meta":[],"product_brand":[626],"product_cat":[105],"product_tag":[371,274,273],"class_list":{"0":"post-5583","1":"product","2":"type-product","3":"status-publish","6":"product_brand-chieftec","7":"product_cat-virtalahteet","8":"product_tag-psu","9":"product_tag-tietokoneen-virtalahde","10":"product_tag-virtalahde","11":"product_shipping_class-keski","13":"first","14":"onbackorder","15":"sale","16":"taxable","17":"shipping-taxable","18":"purchasable","19":"product-type-simple"},"jetpack_sharing_enabled":true,"_links":{"self":[{"href":"https:\/\/www.digidreamer.fi\/kauppa\/wp-json\/wp\/v2\/product\/5583","targetHints":{"allow":["GET"]}}],"collection":[{"href":"https:\/\/www.digidreamer.fi\/kauppa\/wp-json\/wp\/v2\/product"}],"about":[{"href":"https:\/\/www.digidreamer.fi\/kauppa\/wp-json\/wp\/v2\/types\/product"}],"replies":[{"embeddable":true,"href":"https:\/\/www.digidreamer.fi\/kauppa\/wp-json\/wp\/v2\/comments?post=5583"}],"wp:featuredmedia":[{"embeddable":true,"href":"https:\/\/www.digidreamer.fi\/kauppa\/wp-json\/wp\/v2\/media\/592"}],"wp:attachment":[{"href":"https:\/\/www.digidreamer.fi\/kauppa\/wp-json\/wp\/v2\/media?parent=5583"}],"wp:term":[{"taxonomy":"product_brand","embeddable":true,"href":"https:\/\/www.digidreamer.fi\/kauppa\/wp-json\/wp\/v2\/product_brand?post=5583"},{"taxonomy":"product_cat","embeddable":true,"href":"https:\/\/www.digidreamer.fi\/kauppa\/wp-json\/wp\/v2\/product_cat?post=5583"},{"taxonomy":"product_tag","embeddable":true,"href":"https:\/\/www.digidreamer.fi\/kauppa\/wp-json\/wp\/v2\/product_tag?post=5583"}],"curies":[{"name":"wp","href":"https:\/\/api.w.org\/{rel}","templated":true}]}}