{"id":5577,"date":"2025-04-26T01:09:32","date_gmt":"2025-04-25T22:09:32","guid":{"rendered":"https:\/\/www.digidreamer.fi\/kauppa\/?post_type=product&#038;p=5577"},"modified":"2026-04-29T07:08:12","modified_gmt":"2026-04-29T04:08:12","slug":"intel-core-i3-14100-3-5ghz-lga1700-12m-prosessori","status":"publish","type":"product","link":"https:\/\/www.digidreamer.fi\/kauppa\/tuote\/intel-core-i3-14100-3-5ghz-lga1700-12m-prosessori\/","title":{"rendered":"INTEL Core i3-14100 3.5GHz LGA1700 12M-prosessori"},"content":{"rendered":"<p>Tuotetyyppi: Suoritin<br \/>Tyyppi: Intel Core i3 i3-14100 (14th Gen)<br \/>Ydinten m\u00e4\u00e4r\u00e4: Quad-Core<br \/>S\u00e4ikeiden m\u00e4\u00e4r\u00e4: 8 s\u00e4iett\u00e4<br \/>V\u00e4limuisti: 12 Mt<br \/>Cache-muistin tiedot: Smart Cache &#8211; 12 MB, L2 &#8211; 5 MB<br \/>Suorittimien m\u00e4\u00e4r\u00e4: 1<br \/>Kellotaajuus: 3.5 GHz<br \/>Max. turbonopeus: 4.7 GHz<br \/>Yhteensopiva suoritinkanta: FCLGA1700 Socket<br \/>Tuotantoprosessi: 10 nm<br \/>Thermal Design Power: 110 W<br \/>L\u00e4mp\u00f6tiedot: 100 \u00b0C<br \/>PCI Express-versio: 4.0\/5.0<br \/>PCI Express -konfiguraatiot: 1&#215;16+4, 2&#215;8+4<br \/>PCI Express-kaistojen m\u00e4\u00e4r\u00e4: 20<br \/>Arkkitehtuuriset ominaisuudet: Enhanced SpeedStep technology, Hyper-Threading -teknologia, Execute Disable Bit -kapasiteetti, Intel Virtualization Technology, Intel 64 Technology, streaming SIMD-laajennukset 4.1, streaming SIMD-laajennukset 4.2, Intel Turbo Boost Technology 2.0, Intel AES New Instructions (AES-NI), Thermal Monitoring Technologies, Intel Virtualization Technology for Directed I\/O (VT-d), Idle States, Intel VT-x with Extended Page Tables (EPT), Intel Secure Key, Intel Advanced Vector Extensions 2 (AVX2.0), Intel OS Guard, Intel Turbo Boost Max Technology 3.0, Intel Speed Shift Technology, Intel Volume Management Device (VMD), Intel Boot Guard, Intel Deep Learning Boost (DL Boost), Intel Control-Flow Enforcement Technology, Intel Gaussian and Neural Accelerator 3.0, Intel Thread Director, 64-bittinen k\u00e4skykanta, Intel Threat Detection Technology (TDT), Intel Standard Manageability (ISM), Mode-based Execute Control (MBEC)<br \/>Sis\u00e4inen n\u00e4yt\u00f6nohjain: Intel UHD Graphics 730<br \/>Dynaaminen enimm\u00e4istaajuus: 1.5 GHz<br \/>Tuettu maksimitarkkuus: 5120&#215;3200@120Hz (eDP), 7680&#215;4320@60Hz (DP), 4096&#215;2160@60Hz (HDMI)<br \/>Ominaisuudet: Intel Clear Video HD Technology, Intel Quick Sync Video, Quad Display Capable<br \/>Pakkaustyyppi: Intel Boxed<\/p>\n","protected":false},"excerpt":{"rendered":"<p>Valmistaja: INTEL<br \/>Valmistajan tuotekoodi: BX8071514100<br \/>Tuotenimike: INTEL Core i3-14100 3.5GHz LGA1700 12M Cache Boxed CPU<br \/>Kuvaus: Intel Core i3 i3-14100 &#8211; 3.5 GHz &#8211; 4 ydint\u00e4 &#8211; 8 s\u00e4iett\u00e4 &#8211; 12 Mt cache &#8211; FCLGA1700 Socket &#8211; Box<br \/>EAN-koodi: 5032037279079<br \/>Takuu: 3 vuotta<\/p>\n","protected":false},"featured_media":625,"comment_status":"open","ping_status":"closed","template":"","meta":[],"product_brand":[651],"product_cat":[104],"product_tag":[221,178,176,225,226,230,231,232,233,220,183,186,153,222,223,219,224,227,228,229],"class_list":{"0":"post-5577","1":"product","2":"type-product","3":"status-publish","6":"product_brand-intel","7":"product_cat-intel-lga1700-prosessorit","8":"product_tag-am4","9":"product_tag-am5","10":"product_tag-amd","11":"product_tag-core","12":"product_tag-core-i","13":"product_tag-core-i3","14":"product_tag-core-i5","15":"product_tag-core-i7","16":"product_tag-core-i9","17":"product_tag-cpu","18":"product_tag-intel","19":"product_tag-lga-1700","20":"product_tag-pelaaminen","21":"product_tag-peli","22":"product_tag-peliprosessori","23":"product_tag-prosessori","24":"product_tag-ryzen","25":"product_tag-ryzen-5","26":"product_tag-ryzen-7","27":"product_tag-ryzen-9","28":"product_shipping_class-pieni","30":"first","31":"onbackorder","32":"sale","33":"taxable","34":"shipping-taxable","35":"purchasable","36":"product-type-simple"},"jetpack_sharing_enabled":true,"_links":{"self":[{"href":"https:\/\/www.digidreamer.fi\/kauppa\/wp-json\/wp\/v2\/product\/5577","targetHints":{"allow":["GET"]}}],"collection":[{"href":"https:\/\/www.digidreamer.fi\/kauppa\/wp-json\/wp\/v2\/product"}],"about":[{"href":"https:\/\/www.digidreamer.fi\/kauppa\/wp-json\/wp\/v2\/types\/product"}],"replies":[{"embeddable":true,"href":"https:\/\/www.digidreamer.fi\/kauppa\/wp-json\/wp\/v2\/comments?post=5577"}],"wp:featuredmedia":[{"embeddable":true,"href":"https:\/\/www.digidreamer.fi\/kauppa\/wp-json\/wp\/v2\/media\/625"}],"wp:attachment":[{"href":"https:\/\/www.digidreamer.fi\/kauppa\/wp-json\/wp\/v2\/media?parent=5577"}],"wp:term":[{"taxonomy":"product_brand","embeddable":true,"href":"https:\/\/www.digidreamer.fi\/kauppa\/wp-json\/wp\/v2\/product_brand?post=5577"},{"taxonomy":"product_cat","embeddable":true,"href":"https:\/\/www.digidreamer.fi\/kauppa\/wp-json\/wp\/v2\/product_cat?post=5577"},{"taxonomy":"product_tag","embeddable":true,"href":"https:\/\/www.digidreamer.fi\/kauppa\/wp-json\/wp\/v2\/product_tag?post=5577"}],"curies":[{"name":"wp","href":"https:\/\/api.w.org\/{rel}","templated":true}]}}