{"id":5568,"date":"2025-04-26T01:09:18","date_gmt":"2025-04-25T22:09:18","guid":{"rendered":"https:\/\/www.digidreamer.fi\/kauppa\/?post_type=product&#038;p=5568"},"modified":"2026-04-29T07:16:53","modified_gmt":"2026-04-29T04:16:53","slug":"wd-green-sn3000-nvme-ssd-m-2-2280-kovalevy","status":"publish","type":"product","link":"https:\/\/www.digidreamer.fi\/kauppa\/tuote\/wd-green-sn3000-nvme-ssd-m-2-2280-kovalevy\/","title":{"rendered":"WD Green SN3000 NVMe SSD M.2 2280 PCIe \u2013 Edullinen Gen3\/Gen4 SSD, jopa 5 000 MB\/s, PC &amp; kannettava tallennus"},"content":{"rendered":"<p>WD Green SN3000 NVMe SSD on suunniteltu k\u00e4ytt\u00e4jille, jotka haluavat p\u00e4ivitt\u00e4\u00e4 j\u00e4rjestelm\u00e4ns\u00e4 nopeampaan ja moderniin tallennustekniikkaan edullisesti.<br \/>SSD hy\u00f6dynt\u00e4\u00e4 NVMe-tekniikkaa, joka tarjoaa huomattavasti nopeammat latausajat, nopeamman ohjelmien k\u00e4ynnistyksen ja sujuvamman j\u00e4rjestelm\u00e4kokemuksen verrattuna SATA- tai HDD-levyihin.<br \/>Energiatehokas rakenne tekee siit\u00e4 hyv\u00e4n valinnan kannettaviin tietokoneisiin ja perusk\u00e4ytt\u00f6\u00f6n suunnattuihin p\u00f6yt\u00e4koneisiin.<\/p>\n<p>Tekniset tiedot<br \/><strong>Yleist\u00e4<\/strong><br \/>Valmistaja: Western Digital (WD)<br \/>Sarja: WD Green SN3000<br \/>Tyyppi: M.2 NVMe SSD<br \/>Muoto: M.2 2280<\/p>\n<p><strong>Suorituskyky<\/strong><br \/>Liit\u00e4nt\u00e4: PCIe (NVMe)<br \/>Lukunopeus: jopa ~5 000 MB\/s (malliversiosta riippuen)<br \/>Kirjoitusnopeus: mallikohtainen (tyypillisesti 2 500\u20134 500 MB\/s)<br \/>Tekniikka: NVMe (Non-Volatile Memory Express)<\/p>\n<p><strong>Kest\u00e4vyys<\/strong><br \/>TBW: mallikohtainen<br \/>MTBF: ~1,5\u20132 miljoonaa tuntia<br \/>Ei liikkuvia osia \u2192 iskunkest\u00e4v\u00e4<\/p>\n<p><strong>Yhteensopivuus<\/strong><br \/>P\u00f6yt\u00e4koneet (M.2 PCIe slot)<br \/>Kannettavat tietokoneet<br \/>Mini-PC:t ja SFF-rungot<\/p>\n<p>Ominaisuudet<br \/>Nopea NVMe-suorituskyky<br \/>Edullinen SSD-p\u00e4ivitys HDD-levyst\u00e4<br \/>Hiljainen (ei liikkuvia osia)<br \/>Alhainen virrankulutus<br \/>Helppo asennus M.2 2280 -slottiin<br \/>Parempi k\u00e4ytt\u00f6kokemus Windowsille ja ohjelmille<\/p>\n<p>K\u00e4ytt\u00f6kohteet<br \/>Windows-k\u00e4ytt\u00f6j\u00e4rjestelm\u00e4n levy<br \/>Perusk\u00e4ytt\u00f6 ja toimistokoneet<br \/>Kannettavien p\u00e4ivitys<br \/>Kevyt pelaaminen<br \/>Tallennuslevy ohjelmille ja sovelluksille<\/p>\n","protected":false},"excerpt":{"rendered":"<p>WD Green SN3000 on edullinen ja energiatehokas M.2 NVMe SSD -levy, joka tarjoaa nopean p\u00e4ivityksen tietokoneelle tai kannettavalle perinteiseen kovalevyyn verrattuna.<\/p>\n<p>Valmistaja: WESTERN DIGITAL<br \/>Valmistajan tuotekoodi: WDS500G4G0E-00CPS0, WDS100T4G0E-00CPS0, WDS200T4G0E-00CPS0<br \/>Tuotenimike: WD Green SN3000 NVMe SSD M.2 2280<br \/>Kuvaus: WD Green SN3000 WDS500G4G0E-00CPS0 &#8211; SSD &#8211; sis\u00e4inen &#8211; M.2 2280 &#8211; PCIe 4.0 x4 (NVMe)<br \/>EAN-koodi: 0718037904634, 0718037907154, 0718037904610<br \/>Valmistajan takuu: 3 vuotta<\/p>\n","protected":false},"featured_media":4148,"comment_status":"open","ping_status":"closed","template":"","meta":[],"product_brand":[632],"product_cat":[702],"product_tag":[176,215,212,216,210,213,214,217,153,218,211],"class_list":{"0":"post-5568","1":"product","2":"type-product","3":"status-publish","6":"product_brand-western-digital","7":"product_cat-m-2-ssd","8":"product_tag-amd","9":"product_tag-amd-radeon","10":"product_tag-geforce","11":"product_tag-nayton","12":"product_tag-naytonohjain","13":"product_tag-nvidia","14":"product_tag-nvidia-geforce","15":"product_tag-ohjain","16":"product_tag-pelaaminen","17":"product_tag-pelinaytonohjain","18":"product_tag-radeon","19":"product_shipping_class-kirje","21":"first","22":"instock","23":"sale","24":"taxable","25":"shipping-taxable","26":"purchasable","27":"product-type-variable","28":"has-default-attributes"},"jetpack_sharing_enabled":true,"_links":{"self":[{"href":"https:\/\/www.digidreamer.fi\/kauppa\/wp-json\/wp\/v2\/product\/5568","targetHints":{"allow":["GET"]}}],"collection":[{"href":"https:\/\/www.digidreamer.fi\/kauppa\/wp-json\/wp\/v2\/product"}],"about":[{"href":"https:\/\/www.digidreamer.fi\/kauppa\/wp-json\/wp\/v2\/types\/product"}],"replies":[{"embeddable":true,"href":"https:\/\/www.digidreamer.fi\/kauppa\/wp-json\/wp\/v2\/comments?post=5568"}],"wp:featuredmedia":[{"embeddable":true,"href":"https:\/\/www.digidreamer.fi\/kauppa\/wp-json\/wp\/v2\/media\/4148"}],"wp:attachment":[{"href":"https:\/\/www.digidreamer.fi\/kauppa\/wp-json\/wp\/v2\/media?parent=5568"}],"wp:term":[{"taxonomy":"product_brand","embeddable":true,"href":"https:\/\/www.digidreamer.fi\/kauppa\/wp-json\/wp\/v2\/product_brand?post=5568"},{"taxonomy":"product_cat","embeddable":true,"href":"https:\/\/www.digidreamer.fi\/kauppa\/wp-json\/wp\/v2\/product_cat?post=5568"},{"taxonomy":"product_tag","embeddable":true,"href":"https:\/\/www.digidreamer.fi\/kauppa\/wp-json\/wp\/v2\/product_tag?post=5568"}],"curies":[{"name":"wp","href":"https:\/\/api.w.org\/{rel}","templated":true}]}}