{"id":5530,"date":"2025-04-26T01:09:03","date_gmt":"2025-04-25T22:09:03","guid":{"rendered":"https:\/\/www.digidreamer.fi\/kauppa\/?post_type=product&#038;p=5530"},"modified":"2026-05-01T09:50:14","modified_gmt":"2026-05-01T06:50:14","slug":"kingston-3200mhz-ddr4-cl16-dimm-kit-of-2-fury-beast-black-keskusmuisti","status":"publish","type":"product","link":"https:\/\/www.digidreamer.fi\/kauppa\/tuote\/kingston-3200mhz-ddr4-cl16-dimm-kit-of-2-fury-beast-black-keskusmuisti\/","title":{"rendered":"KINGSTON 3200MHz DDR4 CL16 DIMM Kit of 2 FURY Beast Black-keskusmuisti"},"content":{"rendered":"<p>Kapasiteetti: 16 Gt (2 x 8 Gt), 32 Gt (2 x 16 Gt), 64 Gt (2 x 32 Gt)<br \/>P\u00e4ivitystyyppi: Yleinen<br \/>Leveys: 133.35 mm<br \/>Syvyys: 7.2 mm<br \/>Korkeus: 34.1 mm<br \/>Tyyppi: DRAM muistipakkaus<br \/>Tekniikka: DDR4 SDRAM<br \/>Koko tai muoto: DIMM 288 nastaa<br \/>Moduulin korkeus (tuumaa): 1.34<br \/>Nopeus: 3200 MHz (PC4-25600)<br \/>Saantiviiveet: CL16 (16-18-18)<br \/>Tiedon eheystarkistus: Non-ECC<br \/>Ominaisuudet: Single Rank, On-Die Termination (ODT), Serial Presence Detect (SPD), kaksikanavainen, Black PCB, matalan profiilin muistinj\u00e4\u00e4hdytin, 16 kentt\u00e4\u00e4 (banks), Intel Extreme Memory Profiles (XMP 2.0), AMD Ryzen Ready, puskuroimaton<br \/>J\u00e4nnite: 1.35 V<br \/>Liitinpinnoite: Kulta<br \/>RAM-tehokkuus: SPD &#8211; 2400 MHz &#8211; 1.2 V &#8211; CL17 &#8211; 17-17-17<br \/>Intel Extreme Memory Profiles (XMP) &#8211; 3000 MHz &#8211; 1.35 V &#8211; CL15 &#8211; 15-17-17<br \/>Intel Extreme Memory Profiles (XMP) &#8211; 3200 MHz &#8211; 1.35 V &#8211; CL16 &#8211; 16-18-18<\/p>\n","protected":false},"excerpt":{"rendered":"<p>Valmistaja: KINGSTON<br \/>Valmistajan tuotekoodi: KF432C16BBK2\/16, KF432C16BBK2\/32, KF432C16BBK2\/64<br \/>Tuotenimike: KINGSTON 3200MHz DDR4 CL16 DIMM Kit of 2 FURY Beast Black<br \/>Kuvaus: Kingston FURY Beast &#8211; DDR4 &#8211; pakkaus &#8211; DIMM 288 nastaa &#8211; 3200 MHz \/ PC4-25600 &#8211; CL16 &#8211; 1.35 V &#8211; puskuroimaton &#8211; non-ECC &#8211; musta<br \/>EAN-koodi: 0740617319903, 0740617319842, 0740617319804<br \/>Takuu: Rajoitettu elinik\u00e4inen<\/p>\n","protected":false},"featured_media":633,"comment_status":"open","ping_status":"closed","template":"","meta":[],"product_brand":[638],"product_cat":[697],"product_tag":[208,204,206,205,209,207,202,203],"class_list":{"0":"post-5530","1":"product","2":"type-product","3":"status-publish","6":"product_brand-kingston","7":"product_cat-ddr4","8":"product_tag-ddr-4-keskusmuisti","9":"product_tag-ddr4","10":"product_tag-ddr4-muisti","11":"product_tag-ddr5","12":"product_tag-ddr5-keskusmuisti","13":"product_tag-ddr5-muisti","14":"product_tag-keskusmuisti","15":"product_tag-muisti","16":"product_shipping_class-kirje","18":"first","19":"instock","20":"sale","21":"taxable","22":"shipping-taxable","23":"purchasable","24":"product-type-variable","25":"has-default-attributes"},"jetpack_sharing_enabled":true,"_links":{"self":[{"href":"https:\/\/www.digidreamer.fi\/kauppa\/wp-json\/wp\/v2\/product\/5530","targetHints":{"allow":["GET"]}}],"collection":[{"href":"https:\/\/www.digidreamer.fi\/kauppa\/wp-json\/wp\/v2\/product"}],"about":[{"href":"https:\/\/www.digidreamer.fi\/kauppa\/wp-json\/wp\/v2\/types\/product"}],"replies":[{"embeddable":true,"href":"https:\/\/www.digidreamer.fi\/kauppa\/wp-json\/wp\/v2\/comments?post=5530"}],"wp:featuredmedia":[{"embeddable":true,"href":"https:\/\/www.digidreamer.fi\/kauppa\/wp-json\/wp\/v2\/media\/633"}],"wp:attachment":[{"href":"https:\/\/www.digidreamer.fi\/kauppa\/wp-json\/wp\/v2\/media?parent=5530"}],"wp:term":[{"taxonomy":"product_brand","embeddable":true,"href":"https:\/\/www.digidreamer.fi\/kauppa\/wp-json\/wp\/v2\/product_brand?post=5530"},{"taxonomy":"product_cat","embeddable":true,"href":"https:\/\/www.digidreamer.fi\/kauppa\/wp-json\/wp\/v2\/product_cat?post=5530"},{"taxonomy":"product_tag","embeddable":true,"href":"https:\/\/www.digidreamer.fi\/kauppa\/wp-json\/wp\/v2\/product_tag?post=5530"}],"curies":[{"name":"wp","href":"https:\/\/api.w.org\/{rel}","templated":true}]}}