{"id":5507,"date":"2025-04-26T00:08:46","date_gmt":"2025-04-25T22:08:46","guid":{"rendered":"https:\/\/www.digidreamer.fi\/kauppa\/?post_type=product&#038;p=5507"},"modified":"2026-05-01T09:50:05","modified_gmt":"2026-05-01T06:50:05","slug":"seagate-expansion-portable-hdd-usb3-0-2-5-ulkoinen-kovalevy","status":"publish","type":"product","link":"https:\/\/www.digidreamer.fi\/kauppa\/tuote\/seagate-expansion-portable-hdd-usb3-0-2-5-ulkoinen-kovalevy\/","title":{"rendered":"SEAGATE Expansion Portable HDD USB3.0 2.5&#8243;-ulkoinen kovalevy"},"content":{"rendered":"<p>Seagate Expansion Portable HDD on helppok\u00e4ytt\u00f6inen ja luotettava ulkoinen kovalevy, joka tarjoaa suuren tallennustilan liikuteltavaksi tiedostoiksi.<br \/>USB 3.0 -liit\u00e4nn\u00e4n ansiosta siirtonopeudet ovat nopeita ja yhteensopivia vanhempien USB-porttien kanssa.<br \/>Kompakti 2.5 tuuman muotoilu tekee kovalevyst\u00e4 helposti kannettavan, sopien niin kotiin, ty\u00f6paikalle kuin matkoille.<br \/>Ei tarvita ulkoista virtal\u00e4hdett\u00e4 \u2013 virta tulee suoraan USB-portista.<br \/>Helppo liitt\u00e4\u00e4 ja k\u00e4ytt\u00e4\u00e4 plug-and-play-toiminnolla Windows- ja Mac-k\u00e4ytt\u00f6j\u00e4rjestelmiss\u00e4.<br \/>Sopii varmuuskopiointiin, tiedostojen siirtoon ja ylim\u00e4\u00e4r\u00e4isen tallennustilan tarjoamiseen nopeasti.<\/p>\n<p>Laitteen tyyppi: Kiintolevyasema &#8211; ulkoinen (kannettava)<br \/>Muistin koko: 1 Tt, 2 Tt, 5 Tt<br \/>Koko tai muoto: 2.5&#8243;<br \/>Liit\u00e4nt\u00e4: USB 3.0<br \/>Ominaisuudet: Apple Time Machine -yhteensopiva<br \/>Leveys: 80 mm<br \/>Syvyys: 115.3 mm<br \/>Korkeus: 12.6 mm<br \/>Paino: 159 g<br \/>Liit\u00e4nn\u00e4t: 1 x USB 3.0 &#8211; mini-USB Tyyppi B<br \/>Liit\u00e4nn\u00e4n siirtonopeus: 5.0 Gbps (USB 3.0)<br \/>Yhteensopiva paikka: 2.5&#8243;<br \/>Virtal\u00e4hde: USB-v\u00e4yl\u00e4<br \/>Vaadittu k\u00e4ytt\u00f6j\u00e4rjestelm\u00e4: Windows 10 tai uudempi, Apple MacOS X 10.12 tai uudempi<br \/>Sis\u00e4ltyv\u00e4t kaapelit: 1 x USB 3.0 -kaapeli &#8211; ulkoinen &#8211; 45.72 cm<br \/>Toimii Chromebookin kanssa: Kyll\u00e4<br \/>Kotelon v\u00e4ri: Musta<br \/>Lokalisointi: Maailmanlaajuinen<\/p>\n","protected":false},"excerpt":{"rendered":"<p>Valmistaja: SEAGATE<br \/>Valmistajan tuotekoodi: STKM1000400, STKM2000400, STKM4000400, STKM5000400<br \/>Tuotenimike: SEAGATE Expansion Portable HDD USB3.0 2.5inch RTL external<br \/>Kuvaus: Seagate Expansion STKM2000400 &#8211; Kiintolevyasema &#8211; ulkoinen (kannettava) &#8211; 2.5&#8243; &#8211; USB 3.0 &#8211; musta<br \/>EAN-koodi: 3660619040148, <span style=\"font-family: Roboto, sans-serif;font-size: 12px\">3660619040247<\/span>, 3660619040254, <span style=\"font-family: Roboto, sans-serif;font-size: 12px\">3660619040261<\/span><br \/>Takuu: 2 vuotta<\/p>\n","protected":false},"featured_media":952,"comment_status":"open","ping_status":"closed","template":"","meta":[],"product_brand":[636],"product_cat":[132],"product_tag":[194,311,312],"class_list":{"0":"post-5507","1":"product","2":"type-product","3":"status-publish","6":"product_brand-seagate","7":"product_cat-tiedontallennus","8":"product_tag-kovalevy","9":"product_tag-ulkoinen","10":"product_tag-ulkoinen-kovalevy","11":"product_shipping_class-pieni","13":"first","14":"instock","15":"sale","16":"taxable","17":"shipping-taxable","18":"purchasable","19":"product-type-variable","20":"has-default-attributes"},"jetpack_sharing_enabled":true,"_links":{"self":[{"href":"https:\/\/www.digidreamer.fi\/kauppa\/wp-json\/wp\/v2\/product\/5507","targetHints":{"allow":["GET"]}}],"collection":[{"href":"https:\/\/www.digidreamer.fi\/kauppa\/wp-json\/wp\/v2\/product"}],"about":[{"href":"https:\/\/www.digidreamer.fi\/kauppa\/wp-json\/wp\/v2\/types\/product"}],"replies":[{"embeddable":true,"href":"https:\/\/www.digidreamer.fi\/kauppa\/wp-json\/wp\/v2\/comments?post=5507"}],"wp:featuredmedia":[{"embeddable":true,"href":"https:\/\/www.digidreamer.fi\/kauppa\/wp-json\/wp\/v2\/media\/952"}],"wp:attachment":[{"href":"https:\/\/www.digidreamer.fi\/kauppa\/wp-json\/wp\/v2\/media?parent=5507"}],"wp:term":[{"taxonomy":"product_brand","embeddable":true,"href":"https:\/\/www.digidreamer.fi\/kauppa\/wp-json\/wp\/v2\/product_brand?post=5507"},{"taxonomy":"product_cat","embeddable":true,"href":"https:\/\/www.digidreamer.fi\/kauppa\/wp-json\/wp\/v2\/product_cat?post=5507"},{"taxonomy":"product_tag","embeddable":true,"href":"https:\/\/www.digidreamer.fi\/kauppa\/wp-json\/wp\/v2\/product_tag?post=5507"}],"curies":[{"name":"wp","href":"https:\/\/api.w.org\/{rel}","templated":true}]}}