{"id":44937,"date":"2026-04-28T17:45:38","date_gmt":"2026-04-28T14:45:38","guid":{"rendered":"https:\/\/www.digidreamer.fi\/kauppa\/?post_type=product&#038;p=44937"},"modified":"2026-04-28T18:59:36","modified_gmt":"2026-04-28T15:59:36","slug":"digidreamer-special-pelikone-1440p-qhd-pelaamiseen-ryzen-7-9700x-radeon-rx-9070-16gb-1tb-aio","status":"publish","type":"product","link":"https:\/\/www.digidreamer.fi\/kauppa\/tuote\/digidreamer-special-pelikone-1440p-qhd-pelaamiseen-ryzen-7-9700x-radeon-rx-9070-16gb-1tb-aio\/","title":{"rendered":"DigiDreamer Special Pelikone 1440p QHD-pelaamiseen, Ryzen 7 9700X, Radeon RX 9070, 16GB, 1TB, AIO"},"content":{"rendered":"<p>T\u00e4m\u00e4 pelikone on suunniteltu pelaajille, jotka haluavat selv\u00e4sti 1080p-tason yl\u00e4puolella olevan suorituskyvyn ja siirty\u00e4 suoraan sujuvaan 1440p QHD -pelaamiseen ilman kompromisseja.<br \/>AMD Ryzen 7 9700X tarjoaa modernin Zen 5 -arkkitehtuurin ansiosta eritt\u00e4in vahvan yksiydinsuorituskyvyn, joka n\u00e4kyy suoraan peleiss\u00e4 korkeina FPS-lukemina ja erinomaisena vasteaikana. Se on yksi parhaista \u201cgaming-first\u201d -prosessoreista keskihintaluokassa.<br \/>AMD Radeon RX 9070 on eritt\u00e4in tehokas 1440p-pelaamiseen suunniteltu n\u00e4yt\u00f6nohjain, joka kykenee py\u00f6ritt\u00e4m\u00e4\u00e4n moderneja AAA-pelej\u00e4 korkeilla asetuksilla sek\u00e4 tarjoamaan eritt\u00e4in sulavan kokemuksen my\u00f6s kilpailullisissa peleiss\u00e4. Se sijoittuu selv\u00e4sti high-end middle segment -luokkaan, jossa yhdistyv\u00e4t vahva suorituskyky ja erinomainen hinta\u2013teho-suhde.<br \/>16GB DDR5-muisti varmistaa, ett\u00e4 j\u00e4rjestelm\u00e4 pysyy sulavana my\u00f6s raskaassa moniajossa \u2013 voit pelata, pit\u00e4\u00e4 taustalla Discordin, selaimen ja muut sovellukset ilman suorituskyvyn laskua.<br \/>1TB NVMe SSD tarjoaa eritt\u00e4in nopeat latausajat ja runsaasti tilaa moderneille peleille, jotka kasvavat jatkuvasti kooltaan.<br \/>Kokonaisuus on optimoitu k\u00e4ytt\u00e4jille, jotka haluavat <strong>oikean 1440p-pelikoneen \u201csweet spot\u201d -tasolla<\/strong>: ei budjettiluokkaa, ei ylimitoitettua high-endi\u00e4 \u2013 vaan tasapainoinen ja eritt\u00e4in suorituskykyinen ratkaisu, joka kest\u00e4\u00e4 useita vuosia.<\/p>\n<p>Komponentit<br \/>Prosessori: AMD Ryzen 7 9700X, 8C\/16T, 3.8\/5.5 GHz<br \/>Emolevy: Gigabyte B850 EAGLE WIFI6E<br \/>N\u00e4yt\u00f6nohjain: Gigabyte Radeon RX 9070 GAMING OC, 16GB GDDR6<br \/>Keskusmuisti: Kingston Fury Beast DDR5 16GB (2 x 8 GB) 6000 MHz CL30<br \/>SSD: Crucial P310 1TB<br \/>Prosessorij\u00e4\u00e4hdytys: Corsair Nautilus 240 mm RS ARGB AIO<br \/>Virtal\u00e4hde: Corsair RM850e, 80 Plus Gold<br \/>Kotelo: Corsair FRAME 4000D RS ARGB<br \/>Verkko: Wi-Fi 6, 2.5 Gigabit Ethernet, Bluetooth<br \/>K\u00e4ytt\u00f6j\u00e4rjestelm\u00e4: Windows 11 Pro, suomenkielinen (kirjoita tilauksen lis\u00e4tietoihin haluttu kieli, mik\u00e4li haluatte asennuksen toisella kielell\u00e4)<br \/>Vapaat laajennuspaikat:<br \/>2 x DDR5 DIMM<br \/>1 x PCIe 4.0 x4 Slot (PCIE2), supports x4 mode<br \/>1 x Hyper M.2 Socket (M2_2, Key M), supports type 2280 PCIe Gen4x4 (64 Gb\/s) mode<br \/>1 x Hyper M.2 Socket (M2_3, Key M), supports type 2280 PCIe Gen4x4 (64 Gb\/s) mode<br \/>4 x SATA3<br \/>Liit\u00e4nn\u00e4t takana:<br \/>2 x Antenna Ports<br \/>2 x HDMI Port<br \/>4 x DisplayPort<br \/>1 x USB 3.2 Gen2 Type-A Port (10 Gb\/s)<br \/>1 x USB 3.2 Gen2 Type-C Port<br \/>2 x USB 3.2 Gen1 Ports<br \/>4 x USB 2.0 Ports<br \/>1 x RJ-45 LAN Port<br \/>1 x BIOS Flashback Button<br \/>HD Audio Jacks: Line in \/ Front Speaker \/ Microphone<br \/>Liit\u00e4nn\u00e4t edess\u00e4:<br \/>USB 3.2 Gen1 Type-A (x2)<br \/>USB 3.2 Gen2 Type-C (x1)<br \/>Kuuloke-\/mikrofoniliit\u00e4nt\u00e4 (x1)<br \/>Virta<br \/>Reset<\/p>\n<p>Kaikki DigiDreamer tietokoneet ovat t\u00e4ysin uusia ja ne toimitetaan valmiiksi kasattuna sek\u00e4 k\u00e4ytt\u00f6j\u00e4rjestelm\u00e4 ja ajurit asennettuna. K\u00e4ytt\u00f6j\u00e4rjestelm\u00e4 sis\u00e4lt\u00e4\u00e4 lisenssin ja on aktivoitu valmiiksi.<\/p>\n<p>Voit lis\u00e4t\u00e4 koneeseen keskusmuistia tai kovalevytilaa valikoimastamme niin asennamme ne kasauksen yhteydess\u00e4 veloituksetta:\u00a0<a href=\"https:\/\/www.digidreamer.fi\/kauppa\/tuotteet\/komponentit\/muistit\/\">Muistit<\/a>\u00a0<a href=\"https:\/\/www.digidreamer.fi\/kauppa\/tuotteet\/komponentit\/kovalevyt\/\">Kovalevyt<\/a><\/p>\n","protected":false},"excerpt":{"rendered":"<p>Tehokas 1440p QHD -pelikone, jossa yhdistyv\u00e4t Ryzen 7 9700X -prosessori ja Radeon RX 9070 -n\u00e4yt\u00f6nohjain. 16GB DDR5-muisti ja 1TB NVMe SSD tarjoavat eritt\u00e4in sulavan pelikokemuksen, korkean FPS-suorituskyvyn ja riitt\u00e4v\u00e4sti tehoa my\u00f6s vaativiin AAA-peleihin korkeilla asetuksilla.<\/p>\n<p>Takuu: 5 vuotta<\/p>\n","protected":false},"featured_media":3851,"comment_status":"open","ping_status":"closed","template":"","meta":[],"product_brand":[708],"product_cat":[668],"product_tag":[247,245,256,246,253,248,252,153,262,261,263,249,190,257,259,264,265,258,260,250,255,251,254],"class_list":{"0":"post-44937","1":"product","2":"type-product","3":"status-publish","6":"product_brand-digidreamer","7":"product_cat-rx-9070","8":"product_tag-kone","9":"product_tag-koti","10":"product_tag-koti-pc","11":"product_tag-kotikone","12":"product_tag-kotipc","13":"product_tag-kotitietokone","14":"product_tag-pc","15":"product_tag-pelaaminen","16":"product_tag-peli-pc","17":"product_tag-pelikone","18":"product_tag-pelipc","19":"product_tag-tieto","20":"product_tag-tietokone","21":"product_tag-tietokone-kotiin","22":"product_tag-tietokone-kotikayttoon","23":"product_tag-tietokone-pelaamiseen","24":"product_tag-tietokone-pelikayttoon","25":"product_tag-tietokone-yritykselle","26":"product_tag-tietokone-yrityskayttoon","27":"product_tag-yritys","28":"product_tag-yritys-pc","29":"product_tag-yrityskone","30":"product_tag-yrityspc","31":"product_shipping_class-suuret","33":"first","34":"onbackorder","35":"sale","36":"taxable","37":"shipping-taxable","38":"purchasable","39":"product-type-simple"},"jetpack_sharing_enabled":true,"_links":{"self":[{"href":"https:\/\/www.digidreamer.fi\/kauppa\/wp-json\/wp\/v2\/product\/44937","targetHints":{"allow":["GET"]}}],"collection":[{"href":"https:\/\/www.digidreamer.fi\/kauppa\/wp-json\/wp\/v2\/product"}],"about":[{"href":"https:\/\/www.digidreamer.fi\/kauppa\/wp-json\/wp\/v2\/types\/product"}],"replies":[{"embeddable":true,"href":"https:\/\/www.digidreamer.fi\/kauppa\/wp-json\/wp\/v2\/comments?post=44937"}],"wp:featuredmedia":[{"embeddable":true,"href":"https:\/\/www.digidreamer.fi\/kauppa\/wp-json\/wp\/v2\/media\/3851"}],"wp:attachment":[{"href":"https:\/\/www.digidreamer.fi\/kauppa\/wp-json\/wp\/v2\/media?parent=44937"}],"wp:term":[{"taxonomy":"product_brand","embeddable":true,"href":"https:\/\/www.digidreamer.fi\/kauppa\/wp-json\/wp\/v2\/product_brand?post=44937"},{"taxonomy":"product_cat","embeddable":true,"href":"https:\/\/www.digidreamer.fi\/kauppa\/wp-json\/wp\/v2\/product_cat?post=44937"},{"taxonomy":"product_tag","embeddable":true,"href":"https:\/\/www.digidreamer.fi\/kauppa\/wp-json\/wp\/v2\/product_tag?post=44937"}],"curies":[{"name":"wp","href":"https:\/\/api.w.org\/{rel}","templated":true}]}}