{"id":44924,"date":"2026-04-28T17:35:08","date_gmt":"2026-04-28T14:35:08","guid":{"rendered":"https:\/\/www.digidreamer.fi\/kauppa\/?post_type=product&#038;p=44924"},"modified":"2026-04-28T18:59:41","modified_gmt":"2026-04-28T15:59:41","slug":"special-pelikone-1080p-ryzen-5-7500f-geforce-rtx-5060-ti-8gb-16gb-1tb-digidreamer","status":"publish","type":"product","link":"https:\/\/www.digidreamer.fi\/kauppa\/tuote\/special-pelikone-1080p-ryzen-5-7500f-geforce-rtx-5060-ti-8gb-16gb-1tb-digidreamer\/","title":{"rendered":"Special Pelikone 1080p | Ryzen 5 7500F | GeForce RTX 5060 Ti 8GB | 16GB | 1TB \u2013 DigiDreamer"},"content":{"rendered":"<p>T\u00e4m\u00e4 uuden sukupolven 1080p-pelikone on suunniteltu pelaajille, jotka haluavat modernin ja tasapainoisen kokoonpanon korkealla FPS-suorituskyvyll\u00e4 ilman ylimitoitettua hintaa.<br \/>AMD Ryzen 5 7500F tarjoaa Zen 4 -arkkitehtuurin ansiosta eritt\u00e4in vahvan yksiydinsuorituskyvyn, joka n\u00e4kyy suoraan peleiss\u00e4 korkeina FPS-lukemina ja eritt\u00e4in responsiivisena pelikokemuksena. Se soveltuu erinomaisesti e-urheilupeleihin sek\u00e4 moderneihin AAA-peleihin, joissa CPU-suorituskyky on t\u00e4rke\u00e4.<br \/>NVIDIA GeForce RTX 5060 Ti 8GB tarjoaa eritt\u00e4in vahvan 1080p-pelikokemuksen ja kykenee my\u00f6s 1440p-pelaamiseen kevyemmin optimoiduissa peleiss\u00e4. Se tukee moderneja DLSS- ja Frame Generation -teknologioita, jotka parantavat suorituskyky\u00e4 ja tekev\u00e4t pelikokemuksesta sulavamman. RTX 5060 Ti sijoittuu selv\u00e4sti budjetti- ja keskihintaluokan yl\u00e4p\u00e4\u00e4h\u00e4n, tarjoten hyv\u00e4n tasapainon hinnan ja suorituskyvyn v\u00e4lill\u00e4.<br \/>16GB DDR5-muisti varmistaa sujuvan moniajon ja est\u00e4\u00e4 pullonkaulat, vaikka pelien rinnalla olisi auki useita sovelluksia kuten Discord, selain tai taustaprosessit. T\u00e4m\u00e4 tekee j\u00e4rjestelm\u00e4st\u00e4 eritt\u00e4in vakaan my\u00f6s intensiivisess\u00e4 k\u00e4yt\u00f6ss\u00e4.<br \/>1TB NVMe SSD tarjoaa nopeat latausajat ja riitt\u00e4v\u00e4sti tilaa suosituimmille peleille ja sovelluksille, parantaen k\u00e4ytt\u00f6kokemusta merkitt\u00e4v\u00e4sti perinteisiin levyihin verrattuna.<br \/>Kokonaisuus on optimoitu pelaajille, jotka haluavat edullisen mutta modernin 1080p-pelikoneen, joka tarjoaa hyv\u00e4n FPS-suorituskyvyn ja selke\u00e4n p\u00e4ivityspolun tulevaisuuteen.<\/p>\n<p>Komponentit<br \/>Prosessori: AMD\u00a0Ryzen 5 7500F, 6C\/12T, 3.7\/5.0 GHz<br \/>Emolevy: Gigabyte B650M GAMING PLUS WIFI<br \/>N\u00e4yt\u00f6nohjain: Gigabyte GeForce RTX 5060Ti WINDFORCE OC, 8GB GDDR7<br \/>Keskusmuisti: Kingston Fury Beast DDR5 16GB (2 x 8 GB) 6000 MHz CL30<br \/>SSD: Crucial P310 1TB<br \/>Prosessorij\u00e4\u00e4hdytys: Cooler Master Hyper 212 3DHP<br \/>Virtal\u00e4hde: Cooler Master MWE Gold V3 NM 650W, 80 Plus Gold<br \/>Kotelo: Cooler Master Elite 302<br \/>Verkko: Wi-Fi 6 tai 7, 2.5 Gigabit Ethernet, Bluetooth<br \/>K\u00e4ytt\u00f6j\u00e4rjestelm\u00e4: Windows 11 Pro, suomenkielinen (kirjoita tilauksen lis\u00e4tietoihin haluttu kieli, mik\u00e4li haluatte asennuksen toisella kielell\u00e4)<br \/>Vapaat laajennuspaikat:<br \/>1 x M.2 Socket (M2_2, Key M), supports type 2280 PCIe Gen4x4 (64 Gb\/s) mode<br \/>4 x SATA3<br \/>Liit\u00e4nn\u00e4t takana:<br \/>2 x Antenna Ports<br \/>2 x HDMI Port<br \/>3 x DisplayPort<br \/>1 x USB 3.2 Gen2 Type-A Port (10 Gb\/s)<br \/>1 x USB 3.2 Gen2 Type-C Port<br \/>2 x USB 3.2 Gen1 Ports<br \/>4 x USB 2.0 Ports<br \/>1 x RJ-45 LAN Port<br \/>HD Audio Jacks: Line in \/ Front Speaker \/ Microphone<\/p>\n<p>Kaikki DigiDreamer tietokoneet ovat t\u00e4ysin uusia ja ne toimitetaan valmiiksi kasattuna sek\u00e4 k\u00e4ytt\u00f6j\u00e4rjestelm\u00e4 ja ajurit asennettuna. K\u00e4ytt\u00f6j\u00e4rjestelm\u00e4 sis\u00e4lt\u00e4\u00e4 lisenssin ja on aktivoitu valmiiksi.<\/p>\n<p>Voit lis\u00e4t\u00e4 koneeseen keskusmuistia tai kovalevytilaa valikoimastamme niin asennamme ne kasauksen yhteydess\u00e4 veloituksetta:\u00a0<a href=\"https:\/\/www.digidreamer.fi\/kauppa\/tuotteet\/komponentit\/muistit\/\">Muistit<\/a>\u00a0<a href=\"https:\/\/www.digidreamer.fi\/kauppa\/tuotteet\/komponentit\/kovalevyt\/\">Kovalevyt<\/a><\/p>\n","protected":false},"excerpt":{"rendered":"<p>Tehokas 1080p Full HD -pelaamiseen suunniteltu pelikone, jossa yhdistyv\u00e4t Ryzen 5 7500F -prosessori ja GeForce RTX 5060 Ti 8GB -n\u00e4yt\u00f6nohjain. 16GB DDR5-muisti, 1TB NVMe SSD ja moderni j\u00e4\u00e4hdytysratkaisu tarjoavat sujuvan FPS-suorituskyvyn, nopeat latausajat ja vakaan pelikokemuksen e-urheilupeleiss\u00e4 sek\u00e4 kevyemmiss\u00e4 AAA-peleiss\u00e4.<\/p>\n<p>Takuu: 5 vuotta<\/p>\n","protected":false},"featured_media":44936,"comment_status":"open","ping_status":"closed","template":"","meta":[],"product_brand":[708],"product_cat":[671],"product_tag":[247,245,256,246,253,248,252,153,262,261,263,249,190,257,259,264,265,258,260,250,255,251,254],"class_list":{"0":"post-44924","1":"product","2":"type-product","3":"status-publish","6":"product_brand-digidreamer","7":"product_cat-rtx-5060-ti","8":"product_tag-kone","9":"product_tag-koti","10":"product_tag-koti-pc","11":"product_tag-kotikone","12":"product_tag-kotipc","13":"product_tag-kotitietokone","14":"product_tag-pc","15":"product_tag-pelaaminen","16":"product_tag-peli-pc","17":"product_tag-pelikone","18":"product_tag-pelipc","19":"product_tag-tieto","20":"product_tag-tietokone","21":"product_tag-tietokone-kotiin","22":"product_tag-tietokone-kotikayttoon","23":"product_tag-tietokone-pelaamiseen","24":"product_tag-tietokone-pelikayttoon","25":"product_tag-tietokone-yritykselle","26":"product_tag-tietokone-yrityskayttoon","27":"product_tag-yritys","28":"product_tag-yritys-pc","29":"product_tag-yrityskone","30":"product_tag-yrityspc","31":"product_shipping_class-suuret","33":"first","34":"onbackorder","35":"sale","36":"taxable","37":"shipping-taxable","38":"purchasable","39":"product-type-simple"},"jetpack_sharing_enabled":true,"_links":{"self":[{"href":"https:\/\/www.digidreamer.fi\/kauppa\/wp-json\/wp\/v2\/product\/44924","targetHints":{"allow":["GET"]}}],"collection":[{"href":"https:\/\/www.digidreamer.fi\/kauppa\/wp-json\/wp\/v2\/product"}],"about":[{"href":"https:\/\/www.digidreamer.fi\/kauppa\/wp-json\/wp\/v2\/types\/product"}],"replies":[{"embeddable":true,"href":"https:\/\/www.digidreamer.fi\/kauppa\/wp-json\/wp\/v2\/comments?post=44924"}],"wp:featuredmedia":[{"embeddable":true,"href":"https:\/\/www.digidreamer.fi\/kauppa\/wp-json\/wp\/v2\/media\/44936"}],"wp:attachment":[{"href":"https:\/\/www.digidreamer.fi\/kauppa\/wp-json\/wp\/v2\/media?parent=44924"}],"wp:term":[{"taxonomy":"product_brand","embeddable":true,"href":"https:\/\/www.digidreamer.fi\/kauppa\/wp-json\/wp\/v2\/product_brand?post=44924"},{"taxonomy":"product_cat","embeddable":true,"href":"https:\/\/www.digidreamer.fi\/kauppa\/wp-json\/wp\/v2\/product_cat?post=44924"},{"taxonomy":"product_tag","embeddable":true,"href":"https:\/\/www.digidreamer.fi\/kauppa\/wp-json\/wp\/v2\/product_tag?post=44924"}],"curies":[{"name":"wp","href":"https:\/\/api.w.org\/{rel}","templated":true}]}}