{"id":15458,"date":"2025-12-17T19:16:19","date_gmt":"2025-12-17T16:16:19","guid":{"rendered":"https:\/\/www.digidreamer.fi\/kauppa\/tuote\/logitech-webcam-brio-105-full-hd-1080p-webcam-graphite\/"},"modified":"2026-05-01T10:02:31","modified_gmt":"2026-05-01T07:02:31","slug":"logitech-webcam-brio-105-full-hd-1080p-webcam-graphite","status":"publish","type":"product","link":"https:\/\/www.digidreamer.fi\/kauppa\/tuote\/logitech-webcam-brio-105-full-hd-1080p-webcam-graphite\/","title":{"rendered":"LOGITECH WEBCAM &#8211; Brio 105 Full HD 1080p Webcam &#8211; GRAPHITE"},"content":{"rendered":"<p>Logitech 960-001592 \u2013 Brio 105 Full HD -verkkokamera<br \/>Logitech 960-001592 on Logitech Brio 105 -sarjan Full HD -verkkokamera, joka on suunniteltu erityisesti toimisto- ja et\u00e4ty\u00f6k\u00e4ytt\u00f6\u00f6n. Se tarjoaa ter\u00e4v\u00e4n 1080p-videon, automaattisen valotuksen s\u00e4\u00e4d\u00f6n ja yksinkertaisen USB-k\u00e4ytt\u00f6\u00f6noton ilman ajureita. Kiinte\u00e4 yksityisyyssuljin lis\u00e4\u00e4 turvallisuutta k\u00e4yt\u00f6n ulkopuolella.<\/p>\n<p>Tekniset tiedot<br \/>Tuotekoodi: 960-001592<br \/>Malli: Logitech Brio 105<br \/>Resoluutio: 1920 \u00d7 1080 (Full HD)<br \/>Kuvataajuus: 30 fps<br \/>Kenno: 2 MP CMOS<br \/>Kuvakulma: 58\u00b0<br \/>Liit\u00e4nt\u00e4: USB-A (Plug &amp; Play)<br \/>Mikrofoni: 1 sis\u00e4\u00e4nrakennettu mikrofoni<br \/>Kiinnitys: n\u00e4ytt\u00f6klipsi \/ monitorikiinnitys<br \/>Ominaisuudet: RightLight automaattinen valotasapaino, kiinte\u00e4 privacy shutter<\/p>\n","protected":false},"excerpt":{"rendered":"<p>Valmistaja: LOGITECH<br \/>Valmistajan tuotekoodi: 960-001592<br \/>Tuotenimike: LOGITECH WEBCAM &#8211; Brio 105 Full HD 1080p Webcam &#8211; GRAPHITE<br \/>Kuvaus: Logitech BRIO 105 &#8211; Verkkokamera &#8211; v\u00e4ri &#8211; 2 MP &#8211; 1920 x 1080 &#8211; 1080p, 720p &#8211; audio &#8211; USB<br \/>EAN-koodi: 5099206112520<\/p>\n","protected":false},"featured_media":43454,"comment_status":"open","ping_status":"closed","template":"","meta":[],"product_brand":[624],"product_cat":[948],"product_tag":[],"class_list":{"0":"post-15458","1":"product","2":"type-product","3":"status-publish","6":"product_brand-logitech","7":"product_cat-kamerat","9":"first","10":"instock","11":"sale","12":"taxable","13":"shipping-taxable","14":"purchasable","15":"product-type-simple"},"jetpack_sharing_enabled":true,"_links":{"self":[{"href":"https:\/\/www.digidreamer.fi\/kauppa\/wp-json\/wp\/v2\/product\/15458","targetHints":{"allow":["GET"]}}],"collection":[{"href":"https:\/\/www.digidreamer.fi\/kauppa\/wp-json\/wp\/v2\/product"}],"about":[{"href":"https:\/\/www.digidreamer.fi\/kauppa\/wp-json\/wp\/v2\/types\/product"}],"replies":[{"embeddable":true,"href":"https:\/\/www.digidreamer.fi\/kauppa\/wp-json\/wp\/v2\/comments?post=15458"}],"wp:featuredmedia":[{"embeddable":true,"href":"https:\/\/www.digidreamer.fi\/kauppa\/wp-json\/wp\/v2\/media\/43454"}],"wp:attachment":[{"href":"https:\/\/www.digidreamer.fi\/kauppa\/wp-json\/wp\/v2\/media?parent=15458"}],"wp:term":[{"taxonomy":"product_brand","embeddable":true,"href":"https:\/\/www.digidreamer.fi\/kauppa\/wp-json\/wp\/v2\/product_brand?post=15458"},{"taxonomy":"product_cat","embeddable":true,"href":"https:\/\/www.digidreamer.fi\/kauppa\/wp-json\/wp\/v2\/product_cat?post=15458"},{"taxonomy":"product_tag","embeddable":true,"href":"https:\/\/www.digidreamer.fi\/kauppa\/wp-json\/wp\/v2\/product_tag?post=15458"}],"curies":[{"name":"wp","href":"https:\/\/api.w.org\/{rel}","templated":true}]}}