{"id":15250,"date":"2025-12-17T19:13:31","date_gmt":"2025-12-17T16:13:31","guid":{"rendered":"https:\/\/www.digidreamer.fi\/kauppa\/tuote\/logitech-c930e-business-webcam\/"},"modified":"2026-05-01T09:30:35","modified_gmt":"2026-05-01T06:30:35","slug":"logitech-c930e-business-webcam","status":"publish","type":"product","link":"https:\/\/www.digidreamer.fi\/kauppa\/tuote\/logitech-c930e-business-webcam\/","title":{"rendered":"LOGITECH C930e Business Webcam"},"content":{"rendered":"<p>Logitech 960-000972 \u2013 C930e HD Webcam<br \/>Logitech 960-000972 on Logitech C930e -sarjan yritystason Full HD -webkamera, joka on suunniteltu videoneuvotteluihin, et\u00e4ty\u00f6h\u00f6n ja ammattik\u00e4ytt\u00f6\u00f6n. Se tarjoaa ter\u00e4v\u00e4n 1080p-kuvan, laajan kuvakulman sek\u00e4 luotettavan suorituskyvyn toimisto- ja konferenssiymp\u00e4rist\u00f6iss\u00e4. Kamera on optimoitu erityisesti Microsoft Teams-, Zoom- ja muille UC-alustoille. Carl Zeiss -optiikka ja automaattitarkennus parantavat kuvanlaatua my\u00f6s heikossa valaistuksessa. Plug &amp; Play -USB-liit\u00e4nt\u00e4 tekee k\u00e4ytt\u00f6\u00f6notosta nopean ja vaivattoman. Laite on suunniteltu kiinte\u00e4\u00e4n ty\u00f6pistek\u00e4ytt\u00f6\u00f6n kannettavien ja n\u00e4ytt\u00f6jen kanssa.<\/p>\n<p>TEKNISET TIEDOT<br \/>Yleiset tiedot<br \/>Valmistaja: Logitech<br \/>Malli: C930e<br \/>Tuotekoodi: 960-000972<br \/>Tyyppi: Full HD -webkamera (yritysk\u00e4ytt\u00f6)<br \/>K\u00e4ytt\u00f6tarkoitus: videoneuvottelut, et\u00e4ty\u00f6, toimistok\u00e4ytt\u00f6<br \/>Video<br \/>Resoluutio: 1920 \u00d7 1080 (Full HD)<br \/>Kuvataajuus: 30 fps<br \/>Tukee my\u00f6s 720p-resoluutiota<br \/>Kuvakentt\u00e4: 90\u00b0 laajakulma<br \/>Digitaalinen zoom: jopa 4x<br \/>Optiikka &amp; kuva<br \/>Linssi: Carl Zeiss -sertifioitu optiikka<br \/>Tarkennus: automaattitarkennus<br \/>Kuvanparannus: RightLight 2 -teknologia<br \/>Heikon valaistuksen optimointi: kyll\u00e4<br \/>\u00c4\u00e4ni<br \/>Sis\u00e4\u00e4nrakennetut stereomikrofonit<br \/>Kohinanvaimennus: kyll\u00e4<br \/>Liitett\u00e4vyys<br \/>Liit\u00e4nt\u00e4: USB 2.0 (Plug &amp; Play)<br \/>Yhteensopivuus: Windows, macOS ja useimmat UC-alustat<br \/>Ei erillisi\u00e4 ajureita perusk\u00e4yt\u00f6ss\u00e4<br \/>Rakenne<br \/>Kiinnitys: n\u00e4ytt\u00f6klipsi \/ tripod-yhteensopiva<br \/>Paino: noin 160 g<br \/>Kompakti ja s\u00e4\u00e4dett\u00e4v\u00e4 runko<br \/>Yritysominaisuudet<br \/>Sertifioitu videoneuvotteluk\u00e4ytt\u00f6\u00f6n<br \/>Optimoitu kaistanleveyden hallinta H.264-koodauksella<br \/>Vakaa suorituskyky monen k\u00e4ytt\u00e4j\u00e4n kokouksissa<\/p>\n","protected":false},"excerpt":{"rendered":"<p>Valmistaja: LOGITECH<br \/>Valmistajan tuotekoodi: 960-000972<br \/>Tuotenimike: LOGITECH C930e Business Webcam<br \/>Kuvaus: Logitech Webcam C930e &#8211; Verkkokamera &#8211; v\u00e4ri &#8211; 1920 x 1080 &#8211; audio &#8211; USB 2.0 &#8211; H.264<br \/>EAN-koodi: 5099206045200<\/p>\n","protected":false},"featured_media":43467,"comment_status":"open","ping_status":"closed","template":"","meta":[],"product_brand":[624],"product_cat":[948],"product_tag":[],"class_list":{"0":"post-15250","1":"product","2":"type-product","3":"status-publish","6":"product_brand-logitech","7":"product_cat-kamerat","9":"first","10":"onbackorder","11":"sale","12":"taxable","13":"shipping-taxable","14":"purchasable","15":"product-type-simple"},"jetpack_sharing_enabled":true,"_links":{"self":[{"href":"https:\/\/www.digidreamer.fi\/kauppa\/wp-json\/wp\/v2\/product\/15250","targetHints":{"allow":["GET"]}}],"collection":[{"href":"https:\/\/www.digidreamer.fi\/kauppa\/wp-json\/wp\/v2\/product"}],"about":[{"href":"https:\/\/www.digidreamer.fi\/kauppa\/wp-json\/wp\/v2\/types\/product"}],"replies":[{"embeddable":true,"href":"https:\/\/www.digidreamer.fi\/kauppa\/wp-json\/wp\/v2\/comments?post=15250"}],"wp:featuredmedia":[{"embeddable":true,"href":"https:\/\/www.digidreamer.fi\/kauppa\/wp-json\/wp\/v2\/media\/43467"}],"wp:attachment":[{"href":"https:\/\/www.digidreamer.fi\/kauppa\/wp-json\/wp\/v2\/media?parent=15250"}],"wp:term":[{"taxonomy":"product_brand","embeddable":true,"href":"https:\/\/www.digidreamer.fi\/kauppa\/wp-json\/wp\/v2\/product_brand?post=15250"},{"taxonomy":"product_cat","embeddable":true,"href":"https:\/\/www.digidreamer.fi\/kauppa\/wp-json\/wp\/v2\/product_cat?post=15250"},{"taxonomy":"product_tag","embeddable":true,"href":"https:\/\/www.digidreamer.fi\/kauppa\/wp-json\/wp\/v2\/product_tag?post=15250"}],"curies":[{"name":"wp","href":"https:\/\/api.w.org\/{rel}","templated":true}]}}