{"id":10337,"date":"2025-11-09T11:52:18","date_gmt":"2025-11-09T08:52:18","guid":{"rendered":"https:\/\/www.digidreamer.fi\/kauppa\/?post_type=product&#038;p=10337"},"modified":"2026-05-01T10:21:20","modified_gmt":"2026-05-01T07:21:20","slug":"asus-rog-thor-1600w-titanium-iii-gaming-psu-atx-3-1-virtalahde","status":"publish","type":"product","link":"https:\/\/www.digidreamer.fi\/kauppa\/tuote\/asus-rog-thor-1600w-titanium-iii-gaming-psu-atx-3-1-virtalahde\/","title":{"rendered":"ASUS ROG Thor 1600W Titanium III Gaming PSU ATX 3.1-virtal\u00e4hde"},"content":{"rendered":"<p>Laitteen tyyppi: Virtal\u00e4hde &#8211; Aktiivinen tehokertoimen korjaus (PFC) &#8211; sis\u00e4inen<br \/>Teknisten tietojen vaatimustenmukaisuus: ATX12V 3.1\/ EPS12V<br \/>PSU koko ja muoto: ATX<br \/>Tuloj\u00e4nnite: Vaihtovirta 100-240 V<br \/>Tehon l\u00e4ht\u00f6liittimien yksityiskohdat:<br \/>1 x virta 24 nastan ATX irrotettavalla 4 nastan osiolla<br \/>2 x virta 8 nastan EPS12V irrotettavalla 4 nastan ATX12V osiolla<br \/>2 x 16 (12+4) pin PCI Express 5.1 12V 2&#215;6<br \/>4 x 8 pin PCI Express power with detachable 2 pin section<br \/>10 x 15 pin Serial ATA power<br \/>L\u00e4ht\u00f6j\u00e4nnite: +3.3, +5, \u00b112 V<br \/>Virtakapasiteetti: 1600 watti(a)<br \/>Output -virta:<br \/>+3.3V &#8211; 30 A<br \/>+5V &#8211; 25 A<br \/>+12V &#8211; 133.3 A<br \/>-12V &#8211; 0.3 A<br \/>+5VSB &#8211; 3 A<br \/>Modulaarijohdon hallinta: Kyll\u00e4<br \/>80 PLUS -sertifiointi: 80 PLUS Titanium<br \/>Sis\u00e4ltyv\u00e4t lis\u00e4varusteet: ROG-tarra, 4 x ROG cable ties, ruuvit, 12 nippusidett\u00e4<br \/>Sis\u00e4ltyv\u00e4t kaapelit:<br \/>AC input cable &#8211; ulkoinen<br \/>Virtal\u00e4hde 24-nastainen ATX, jossa on irrotettava 4-nastainen modulaarinen kaapeliosa 61 cm<br \/>2 x virta 8-nastainen + 12 V irrotettavalla 4-nastaisella modulaarikaapelilla 100 cm<br \/>2 x 16-pin PCIe 5.1 cable 75 cm<br \/>4 x 8 pin PCI Express power irrotettavalla 2 pin modulaarikaapelilla 75 cm<br \/>3 x Sarjakaapeli ATA<br \/>ARGB-synkronikaapeli 80 cm<br \/>3 x 4 nastan sis\u00e4inen virtajohto<br \/>Keskim\u00e4\u00e4r\u00e4inen vikav\u00e4li (MTBF): 120,000 tuntia<br \/>Ominaisuudet: GaN MOSFET, GPU-FIRST j\u00e4nnitestabilisaattori, OLED-n\u00e4ytt\u00f6, ROG-j\u00e4\u00e4hdytyslevy, kaksoiskuulalaakeri tuuletin, t\u00e4ysin moduloitava, ylij\u00e4nnitesuojaus, ylivirtasuoja, matalaj\u00e4nnitesuoja, ylikuormituksen suojaus, oikosulkusuojaus, l\u00e4mp\u00f6suojaus, 0db Technology<br \/>Yhteensopivuusstandardit: RoHS<br \/>Leveys: 15 cm<br \/>Syvyys: 20 cm<br \/>Korkeus: 8.6 cm<br \/>Paino: 2.8 kg<\/p>\n","protected":false},"excerpt":{"rendered":"<p>Valmistaja: ASUS<br \/>Valmistajan tuotekoodi: 90YE00V1-B0NA00<br \/>Tuotenimike: ASUS ROG Thor 1600W Titanium III Gaming PSU ATX 3.1<br \/>Kuvaus: ASUS ROG THOR Titanium III &#8211; Virtal\u00e4hde (sis\u00e4inen) &#8211; ATX12V 3.1\/ EPS12V &#8211; 80 PLUS Titanium &#8211; Vaihtovirta 100-240 V &#8211; 1600 watti(a) &#8211; aktiivinen PFC<br \/>EAN-koodi: 4711387610299<br \/>Valmistajan takuu: 10 vuotta<\/p>\n","protected":false},"featured_media":10340,"comment_status":"open","ping_status":"closed","template":"","meta":[],"product_brand":[633],"product_cat":[105],"product_tag":[],"class_list":{"0":"post-10337","1":"product","2":"type-product","3":"status-publish","6":"product_brand-asus","7":"product_cat-virtalahteet","9":"first","10":"instock","11":"sale","12":"taxable","13":"shipping-taxable","14":"purchasable","15":"product-type-simple"},"jetpack_sharing_enabled":true,"_links":{"self":[{"href":"https:\/\/www.digidreamer.fi\/kauppa\/wp-json\/wp\/v2\/product\/10337","targetHints":{"allow":["GET"]}}],"collection":[{"href":"https:\/\/www.digidreamer.fi\/kauppa\/wp-json\/wp\/v2\/product"}],"about":[{"href":"https:\/\/www.digidreamer.fi\/kauppa\/wp-json\/wp\/v2\/types\/product"}],"replies":[{"embeddable":true,"href":"https:\/\/www.digidreamer.fi\/kauppa\/wp-json\/wp\/v2\/comments?post=10337"}],"wp:featuredmedia":[{"embeddable":true,"href":"https:\/\/www.digidreamer.fi\/kauppa\/wp-json\/wp\/v2\/media\/10340"}],"wp:attachment":[{"href":"https:\/\/www.digidreamer.fi\/kauppa\/wp-json\/wp\/v2\/media?parent=10337"}],"wp:term":[{"taxonomy":"product_brand","embeddable":true,"href":"https:\/\/www.digidreamer.fi\/kauppa\/wp-json\/wp\/v2\/product_brand?post=10337"},{"taxonomy":"product_cat","embeddable":true,"href":"https:\/\/www.digidreamer.fi\/kauppa\/wp-json\/wp\/v2\/product_cat?post=10337"},{"taxonomy":"product_tag","embeddable":true,"href":"https:\/\/www.digidreamer.fi\/kauppa\/wp-json\/wp\/v2\/product_tag?post=10337"}],"curies":[{"name":"wp","href":"https:\/\/api.w.org\/{rel}","templated":true}]}}