{"id":10202,"date":"2025-10-23T11:49:57","date_gmt":"2025-10-23T08:49:57","guid":{"rendered":"https:\/\/www.digidreamer.fi\/kauppa\/?post_type=product&#038;p=10202"},"modified":"2026-05-01T10:06:35","modified_gmt":"2026-05-01T07:06:35","slug":"asus-rog-loki-sfx-l-platinum-fully-modular-psu-virtalahde","status":"publish","type":"product","link":"https:\/\/www.digidreamer.fi\/kauppa\/tuote\/asus-rog-loki-sfx-l-platinum-fully-modular-psu-virtalahde\/","title":{"rendered":"ASUS ROG Loki SFX-L Platinum Fully Modular PSU-virtal\u00e4hde"},"content":{"rendered":"<p>Laitteen tyyppi: Virtal\u00e4hde &#8211; sis\u00e4inen<br \/>Teknisten tietojen vaatimustenmukaisuus: ATX 3.0 \/ SFX-L<br \/>PSU koko ja muoto: SFX-L<br \/>Tuloj\u00e4nnite: Vaihtovirta 100-240 V<br \/>Tehon l\u00e4ht\u00f6liittimien yksityiskohdat:<br \/>1 x virta 24 nastan ATX irrotettavalla 4 nastan osiolla<br \/>2 x virta 8 nastan EPS12V irrotettavalla 4 nastan ATX12V osiolla<br \/>1 &#8211; 2 x 16-nastainen PCI Express -virta<br \/>3 &#8211; 4 x 8 pin PCI Express power<br \/>6 x 15 pin Serial ATA power<br \/>4 x 4-nastainen sis\u00e4inen virta<br \/>L\u00e4ht\u00f6j\u00e4nnite: +3.3, +5, \u00b112 V<br \/>Virtakapasiteetti: 750 watti(a) &#8211; 1200 watti(a)<br \/>Output -virta:<br \/>+3.3V &#8211; 20 A<br \/>+5V &#8211; 20 A<br \/>+12V &#8211; 62.5 A<br \/>-12V &#8211; 0.8 A<br \/>+5VSB &#8211; 2.5 A<br \/>Tehokkuus: 92%<br \/>Modulaarijohdon hallinta: Kyll\u00e4<br \/>80 PLUS -sertifiointi: 80 PLUS Platinum<br \/>Sis\u00e4ltyv\u00e4t lis\u00e4varusteet: SFX to ATX bracket<br \/>Sis\u00e4ltyv\u00e4t kaapelit:<br \/>AC input cable &#8211; ulkoinen<br \/>Power 24 pin ATX modular cable 45 cm<br \/>2 x virta 8-nastainen + 12 V irrotettavalla 4-nastaisella modulaarikaapelilla 55 cm<br \/>1 &#8211; 2 kpl 16-nastainen 12VHPWR-virtakaapeli 45 cm<br \/>8 pin PCI Express power irrotettavalla 2 pin modulaarikaapelilla 45 cm<br \/>2x 8 pin PCI Express power with detachable 2 pin section modular cable 45 cm<br \/>ARGB-synkronikaapeli 80 cm<br \/>2 x 3 x Serial ATA -modulaarikaapeli<br \/>4 nastan sis\u00e4inen virtajohto<br \/>J\u00e4\u00e4hdytysj\u00e4rjestelm\u00e4: 120 mm tuuletin<br \/>Ominaisuudet: Ylikuumenemissuoja, ylikuormituksen suojaus, ylij\u00e4nnitesuojaus, ylivirtasuoja, matalaj\u00e4nnitesuoja, oikosulkusuojaus, kaksoiskuulalaakeri tuuletin, t\u00e4ysin moduloitava, ASUS Aura Sync, ROG-j\u00e4\u00e4hdytyslevy, Axial-tech-tuuletindesign, 0db Technology, ARGB-tuuletin<br \/>Yhteensopivuusstandardit: RoHS<br \/>Leveys: 12.5 cm<br \/>Syvyys: 12.5 cm<br \/>Korkeus: 6.35 cm<br \/>Paino: 1.815 kg &#8211; 2.15 kg<\/p>\n","protected":false},"excerpt":{"rendered":"<p>Valmistaja: ASUS<br \/>Valmistajan tuotekoodi: 90YE00N4-B0NA00<br \/>Tuotenimike: ASUS ROG Loki SFX-L Platinum Fully Modular PSU<br \/>Kuvaus: ASUS ROG Loki SFX-L Platinum &#8211; Virtal\u00e4hde (sis\u00e4inen) &#8211; ATX 3.0 \/ SFX-L &#8211; 80 PLUS Platinum &#8211; Vaihtovirta 100-240 V<br \/>EAN-koodi: 4711081722915<br \/>Valmistajan takuu: Rajoitettu 10 vuotta<\/p>\n","protected":false},"featured_media":10203,"comment_status":"open","ping_status":"closed","template":"","meta":[],"product_brand":[633],"product_cat":[105],"product_tag":[],"class_list":{"0":"post-10202","1":"product","2":"type-product","3":"status-publish","6":"product_brand-asus","7":"product_cat-virtalahteet","9":"first","10":"instock","11":"sale","12":"taxable","13":"shipping-taxable","14":"purchasable","15":"product-type-variable","16":"has-default-attributes"},"jetpack_sharing_enabled":true,"_links":{"self":[{"href":"https:\/\/www.digidreamer.fi\/kauppa\/wp-json\/wp\/v2\/product\/10202","targetHints":{"allow":["GET"]}}],"collection":[{"href":"https:\/\/www.digidreamer.fi\/kauppa\/wp-json\/wp\/v2\/product"}],"about":[{"href":"https:\/\/www.digidreamer.fi\/kauppa\/wp-json\/wp\/v2\/types\/product"}],"replies":[{"embeddable":true,"href":"https:\/\/www.digidreamer.fi\/kauppa\/wp-json\/wp\/v2\/comments?post=10202"}],"wp:featuredmedia":[{"embeddable":true,"href":"https:\/\/www.digidreamer.fi\/kauppa\/wp-json\/wp\/v2\/media\/10203"}],"wp:attachment":[{"href":"https:\/\/www.digidreamer.fi\/kauppa\/wp-json\/wp\/v2\/media?parent=10202"}],"wp:term":[{"taxonomy":"product_brand","embeddable":true,"href":"https:\/\/www.digidreamer.fi\/kauppa\/wp-json\/wp\/v2\/product_brand?post=10202"},{"taxonomy":"product_cat","embeddable":true,"href":"https:\/\/www.digidreamer.fi\/kauppa\/wp-json\/wp\/v2\/product_cat?post=10202"},{"taxonomy":"product_tag","embeddable":true,"href":"https:\/\/www.digidreamer.fi\/kauppa\/wp-json\/wp\/v2\/product_tag?post=10202"}],"curies":[{"name":"wp","href":"https:\/\/api.w.org\/{rel}","templated":true}]}}